{"id":103,"date":"2022-02-12T12:47:16","date_gmt":"2022-02-12T12:47:16","guid":{"rendered":"https:\/\/krantec.de\/?page_id=103"},"modified":"2022-02-12T12:49:08","modified_gmt":"2022-02-12T12:49:08","slug":"impressum","status":"publish","type":"page","link":"https:\/\/krantec.de\/?page_id=103","title":{"rendered":"Impressum"},"content":{"rendered":"\t\t<div data-elementor-type=\"wp-page\" data-elementor-id=\"103\" class=\"elementor elementor-103\">\n\t\t\t\t\t\t<section class=\"elementor-section elementor-top-section elementor-element elementor-element-eb12897 elementor-section-boxed elementor-section-height-default elementor-section-height-default\" data-id=\"eb12897\" data-element_type=\"section\" data-e-type=\"section\">\n\t\t\t\t\t\t<div class=\"elementor-container elementor-column-gap-default\">\n\t\t\t\t\t<div class=\"elementor-column elementor-col-100 elementor-top-column elementor-element elementor-element-3101a31\" data-id=\"3101a31\" data-element_type=\"column\" data-e-type=\"column\">\n\t\t\t<div class=\"elementor-widget-wrap elementor-element-populated\">\n\t\t\t\t\t\t<div class=\"elementor-element elementor-element-8b2f6d7 elementor-widget elementor-widget-text-editor\" data-id=\"8b2f6d7\" data-element_type=\"widget\" data-e-type=\"widget\" data-widget_type=\"text-editor.default\">\n\t\t\t\t<div class=\"elementor-widget-container\">\n\t\t\t\t\t\t\t\t\t<p>Anbieter dieser Seiten ist:<\/p><p><strong>KRANTEC F\u00f6rderger\u00e4teservice GmbH<\/strong><\/p><p><strong>Vertretungsberechtigt als Gesch\u00e4ftsf\u00fchrer:<\/strong><br \/>Roland H\u00e4\u00dflich, Fred Haase<\/p><p>Franz-Mehring-Stra\u00dfe 38<br \/>D-01979 Lauchhammer<br \/>Tel.: 03574 46 46 23<br \/>Fax: 03574 46 46 25 <br \/>E-Mail:\u00a0<a href=\"mailto:info@krantec.de\">info@krantec.de<\/a><\/p><p>KRANTEC F\u00f6rderger\u00e4teservice GmbH<br \/>Registergericht: Amtsgericht Cottbus<br \/>Registernummer: HRB Nr. 4002 <br \/>Ust.-ID: DE 173724057<\/p><p>Wir sind ein eingetragener Handwerksbetrieb!<br \/>F\u00fcr uns zust\u00e4ndig ist die Handwerkskammer Cottbus Betriebs-Nr. ___________<\/p><p>Redaktionell verantwortlich i.S.v. \u00a7 18 Abs. 2 S. 1 MStV<br \/>Steffen Hornitschek, Im Giesen 9, 01979 Lauchhammer<\/p><p>Wir sind nicht bereit und nicht verpflichtet, an einem Streitbeilegungsverfahren vor einer Verbraucherschlichtungsstelle teilzunehmen.<\/p><p><strong>Internet:<\/strong><br \/><a href=\"https:\/\/www.krantec.de\">https:\/\/www.krantec.de<\/a><\/p><p>KRANTEC GmbH HAT EINEN INTERNEN DATENSCHUTZ-BEAUFTRAGTEN NACH EU DSGVO<br \/>Die Datenschutz-Grundverordnung (DSGVO) schreibt f\u00fcr viele Unternehmen in der Europ\u00e4ischen Union (EU) die Bestellung eines Datenschutzbeauftragten vor. Diesen hat die KRANTEC GmbH beauftragt.<br \/>Fragen zum Datenschutz richten Sie an: <a href=\"mailto:admin@krantec.online\">admin@krantec.online<\/a><\/p><p><strong>Urheber- und Kennzeichenrecht<br \/><\/strong>Auf unseren Seiten finden Sie Material, welches den Urheberrechten Dritter unterliegen kann. Unsere allgemeinen Copyright-Hinweise beziehen sich nur auf unsere Werke, nicht auf solche Materialien Dritter. Sie sind nur als Warnung zu verstehen, dass insgesamt Urheberechte bestehen, die von Besuchern und Nutzern zu beachten sind. Alle innerhalb des Internetangebotes genannten und ggf. durch Dritte gesch\u00fctzten Marken- und Warenzeichen unterliegen uneingeschr\u00e4nkt den Bestimmungen des jeweils g\u00fcltigen Kennzeichenrechts und den Besitzrechten der jeweiligen eingetragenen Eigent\u00fcmer. Allein aufgrund der blo\u00dfen Nennung ist nicht der Schluss zu ziehen, dass Markenzeichen nicht durch Rechte Dritter gesch\u00fctzt sind! Das Copyright f\u00fcr ver\u00f6ffentlichte, von uns oder in unserem Auftrag erstellter Objekte bleibt allein beim Anbieter der Seiten. Eine Vervielf\u00e4ltigung oder Verwendung solcher Grafiken, Tondokumente, Videosequenzen und Texte in anderen elektronischen oder gedruckten Publikationen ist ohne ausdr\u00fcckliche Zustimmung des Anbieters nicht gestattet.<\/p><p><strong>Links zu externen Seiten<\/strong><br \/>Wir machen uns Inhalte fremder Seiten nicht zu eigen.<\/p><p><strong>Webseitengestaltung, Programmierung, SEA und SEO<\/strong><br \/>Steffen Hornitschek<br \/>Im Giesen 9<br \/>D-01979 Lauchhammer<br \/>Telefon: +49 1525 97 80 846<br \/>email: <a href=\"mailto:admin@krantec.online\">admin@krantec.online<\/a><br \/><strong><br \/>QUELLENANGABEN UND URHEBERRECHTSVERMERKE<\/strong><\/p><p>Bilder + Teambilder, Logo Anfertigungen von Steffen Hornitschek, sonstige Bilder unterliegen der Pixabay Lizenz<\/p><p><strong>Quelle:<\/strong><br \/>Bilder unterliegen der Pixabay Lizenz diese enth\u00e4lt ein unwiderrufliches, weltweites, nicht exklusives und geb\u00fchrenfreies Recht, die Inhalte f\u00fcr kommerzielle und nicht kommerzielle Zwecke zu verwenden, herunterzuladen, zu kopieren und zu ver\u00e4ndern. Eine Nennung des K\u00fcnstlers\/Urhebers bzw. von Pixabay ist nicht erforderlich.<\/p>\t\t\t\t\t\t\t\t<\/div>\n\t\t\t\t<\/div>\n\t\t\t\t\t<\/div>\n\t\t<\/div>\n\t\t\t\t\t<\/div>\n\t\t<\/section>\n\t\t\t\t<\/div>\n\t\t","protected":false},"excerpt":{"rendered":"<p>Anbieter dieser Seiten ist: KRANTEC F\u00f6rderger\u00e4teservice GmbH Vertretungsberechtigt als Gesch\u00e4ftsf\u00fchrer:Roland H\u00e4\u00dflich, Fred Haase Franz-Mehring-Stra\u00dfe 38D-01979 LauchhammerTel.: 03574 46 46 23Fax: 03574 46 46 25 E-Mail:\u00a0info@krantec.de&#8230;<\/p>\n","protected":false},"author":2,"featured_media":0,"parent":0,"menu_order":0,"comment_status":"closed","ping_status":"closed","template":"","meta":{"_crdt_document":"","footnotes":""},"class_list":["post-103","page","type-page","status-publish","hentry"],"yoast_head":"<!-- This site is optimized with the Yoast SEO plugin v27.4 - https:\/\/yoast.com\/product\/yoast-seo-wordpress\/ -->\n<title>Impressum - Krantec F\u00f6rderger\u00e4teservice GmbH<\/title>\n<meta name=\"robots\" content=\"index, follow, max-snippet:-1, max-image-preview:large, max-video-preview:-1\" \/>\n<link rel=\"canonical\" href=\"https:\/\/krantec.de\/?page_id=103\" \/>\n<meta property=\"og:locale\" content=\"de_DE\" \/>\n<meta property=\"og:type\" content=\"article\" \/>\n<meta property=\"og:title\" content=\"Impressum - Krantec F\u00f6rderger\u00e4teservice GmbH\" \/>\n<meta property=\"og:description\" content=\"Anbieter dieser Seiten ist: KRANTEC F\u00f6rderger\u00e4teservice GmbH Vertretungsberechtigt als Gesch\u00e4ftsf\u00fchrer:Roland H\u00e4\u00dflich, Fred Haase Franz-Mehring-Stra\u00dfe 38D-01979 LauchhammerTel.: 03574 46 46 23Fax: 03574 46 46 25 E-Mail:\u00a0info@krantec.de...\" \/>\n<meta property=\"og:url\" content=\"https:\/\/krantec.de\/?page_id=103\" \/>\n<meta property=\"og:site_name\" content=\"Krantec F\u00f6rderger\u00e4teservice GmbH\" \/>\n<meta property=\"article:modified_time\" content=\"2022-02-12T12:49:08+00:00\" \/>\n<meta name=\"twitter:card\" content=\"summary_large_image\" \/>\n<script type=\"application\/ld+json\" class=\"yoast-schema-graph\">{\"@context\":\"https:\\\/\\\/schema.org\",\"@graph\":[{\"@type\":\"WebPage\",\"@id\":\"https:\\\/\\\/krantec.de\\\/?page_id=103\",\"url\":\"https:\\\/\\\/krantec.de\\\/?page_id=103\",\"name\":\"Impressum - Krantec F\u00f6rderger\u00e4teservice GmbH\",\"isPartOf\":{\"@id\":\"https:\\\/\\\/krantec.de\\\/#website\"},\"datePublished\":\"2022-02-12T12:47:16+00:00\",\"dateModified\":\"2022-02-12T12:49:08+00:00\",\"breadcrumb\":{\"@id\":\"https:\\\/\\\/krantec.de\\\/?page_id=103#breadcrumb\"},\"inLanguage\":\"de\",\"potentialAction\":[{\"@type\":\"ReadAction\",\"target\":[\"https:\\\/\\\/krantec.de\\\/?page_id=103\"]}]},{\"@type\":\"BreadcrumbList\",\"@id\":\"https:\\\/\\\/krantec.de\\\/?page_id=103#breadcrumb\",\"itemListElement\":[{\"@type\":\"ListItem\",\"position\":1,\"name\":\"Startseite\",\"item\":\"https:\\\/\\\/krantec.de\\\/\"},{\"@type\":\"ListItem\",\"position\":2,\"name\":\"Impressum\"}]},{\"@type\":\"WebSite\",\"@id\":\"https:\\\/\\\/krantec.de\\\/#website\",\"url\":\"https:\\\/\\\/krantec.de\\\/\",\"name\":\"Krantec F\u00f6rderger\u00e4teservice GmbH\",\"description\":\"Wir bewegen was.\",\"publisher\":{\"@id\":\"https:\\\/\\\/krantec.de\\\/#organization\"},\"potentialAction\":[{\"@type\":\"SearchAction\",\"target\":{\"@type\":\"EntryPoint\",\"urlTemplate\":\"https:\\\/\\\/krantec.de\\\/?s={search_term_string}\"},\"query-input\":{\"@type\":\"PropertyValueSpecification\",\"valueRequired\":true,\"valueName\":\"search_term_string\"}}],\"inLanguage\":\"de\"},{\"@type\":\"Organization\",\"@id\":\"https:\\\/\\\/krantec.de\\\/#organization\",\"name\":\"Krantec F\u00f6rderger\u00e4teservice GmbH\",\"url\":\"https:\\\/\\\/krantec.de\\\/\",\"logo\":{\"@type\":\"ImageObject\",\"inLanguage\":\"de\",\"@id\":\"https:\\\/\\\/krantec.de\\\/#\\\/schema\\\/logo\\\/image\\\/\",\"url\":\"https:\\\/\\\/krantec.de\\\/wp-content\\\/uploads\\\/2022\\\/02\\\/cropped-ktlogoHP.png\",\"contentUrl\":\"https:\\\/\\\/krantec.de\\\/wp-content\\\/uploads\\\/2022\\\/02\\\/cropped-ktlogoHP.png\",\"width\":479,\"height\":166,\"caption\":\"Krantec F\u00f6rderger\u00e4teservice GmbH\"},\"image\":{\"@id\":\"https:\\\/\\\/krantec.de\\\/#\\\/schema\\\/logo\\\/image\\\/\"}}]}<\/script>\n<!-- \/ Yoast SEO plugin. -->","yoast_head_json":{"title":"Impressum - Krantec F\u00f6rderger\u00e4teservice GmbH","robots":{"index":"index","follow":"follow","max-snippet":"max-snippet:-1","max-image-preview":"max-image-preview:large","max-video-preview":"max-video-preview:-1"},"canonical":"https:\/\/krantec.de\/?page_id=103","og_locale":"de_DE","og_type":"article","og_title":"Impressum - Krantec F\u00f6rderger\u00e4teservice GmbH","og_description":"Anbieter dieser Seiten ist: KRANTEC F\u00f6rderger\u00e4teservice GmbH Vertretungsberechtigt als Gesch\u00e4ftsf\u00fchrer:Roland H\u00e4\u00dflich, Fred Haase Franz-Mehring-Stra\u00dfe 38D-01979 LauchhammerTel.: 03574 46 46 23Fax: 03574 46 46 25 E-Mail:\u00a0info@krantec.de...","og_url":"https:\/\/krantec.de\/?page_id=103","og_site_name":"Krantec F\u00f6rderger\u00e4teservice GmbH","article_modified_time":"2022-02-12T12:49:08+00:00","twitter_card":"summary_large_image","schema":{"@context":"https:\/\/schema.org","@graph":[{"@type":"WebPage","@id":"https:\/\/krantec.de\/?page_id=103","url":"https:\/\/krantec.de\/?page_id=103","name":"Impressum - Krantec F\u00f6rderger\u00e4teservice GmbH","isPartOf":{"@id":"https:\/\/krantec.de\/#website"},"datePublished":"2022-02-12T12:47:16+00:00","dateModified":"2022-02-12T12:49:08+00:00","breadcrumb":{"@id":"https:\/\/krantec.de\/?page_id=103#breadcrumb"},"inLanguage":"de","potentialAction":[{"@type":"ReadAction","target":["https:\/\/krantec.de\/?page_id=103"]}]},{"@type":"BreadcrumbList","@id":"https:\/\/krantec.de\/?page_id=103#breadcrumb","itemListElement":[{"@type":"ListItem","position":1,"name":"Startseite","item":"https:\/\/krantec.de\/"},{"@type":"ListItem","position":2,"name":"Impressum"}]},{"@type":"WebSite","@id":"https:\/\/krantec.de\/#website","url":"https:\/\/krantec.de\/","name":"Krantec F\u00f6rderger\u00e4teservice GmbH","description":"Wir bewegen was.","publisher":{"@id":"https:\/\/krantec.de\/#organization"},"potentialAction":[{"@type":"SearchAction","target":{"@type":"EntryPoint","urlTemplate":"https:\/\/krantec.de\/?s={search_term_string}"},"query-input":{"@type":"PropertyValueSpecification","valueRequired":true,"valueName":"search_term_string"}}],"inLanguage":"de"},{"@type":"Organization","@id":"https:\/\/krantec.de\/#organization","name":"Krantec F\u00f6rderger\u00e4teservice GmbH","url":"https:\/\/krantec.de\/","logo":{"@type":"ImageObject","inLanguage":"de","@id":"https:\/\/krantec.de\/#\/schema\/logo\/image\/","url":"https:\/\/krantec.de\/wp-content\/uploads\/2022\/02\/cropped-ktlogoHP.png","contentUrl":"https:\/\/krantec.de\/wp-content\/uploads\/2022\/02\/cropped-ktlogoHP.png","width":479,"height":166,"caption":"Krantec F\u00f6rderger\u00e4teservice GmbH"},"image":{"@id":"https:\/\/krantec.de\/#\/schema\/logo\/image\/"}}]}},"_links":{"self":[{"href":"https:\/\/krantec.de\/index.php?rest_route=\/wp\/v2\/pages\/103","targetHints":{"allow":["GET"]}}],"collection":[{"href":"https:\/\/krantec.de\/index.php?rest_route=\/wp\/v2\/pages"}],"about":[{"href":"https:\/\/krantec.de\/index.php?rest_route=\/wp\/v2\/types\/page"}],"author":[{"embeddable":true,"href":"https:\/\/krantec.de\/index.php?rest_route=\/wp\/v2\/users\/2"}],"replies":[{"embeddable":true,"href":"https:\/\/krantec.de\/index.php?rest_route=%2Fwp%2Fv2%2Fcomments&post=103"}],"version-history":[{"count":4,"href":"https:\/\/krantec.de\/index.php?rest_route=\/wp\/v2\/pages\/103\/revisions"}],"predecessor-version":[{"id":107,"href":"https:\/\/krantec.de\/index.php?rest_route=\/wp\/v2\/pages\/103\/revisions\/107"}],"wp:attachment":[{"href":"https:\/\/krantec.de\/index.php?rest_route=%2Fwp%2Fv2%2Fmedia&parent=103"}],"curies":[{"name":"wp","href":"https:\/\/api.w.org\/{rel}","templated":true}]}}