{"id":2,"date":"2022-02-07T10:01:31","date_gmt":"2022-02-07T10:01:31","guid":{"rendered":"https:\/\/krantec.de\/?page_id=2"},"modified":"2024-01-23T07:14:06","modified_gmt":"2024-01-23T07:14:06","slug":"krantec-pruefung-wartung-reparatur-krane-tore-hebezeuge","status":"publish","type":"page","link":"https:\/\/krantec.de\/","title":{"rendered":"Willkommen"},"content":{"rendered":"\t\t<div data-elementor-type=\"wp-page\" data-elementor-id=\"2\" class=\"elementor elementor-2\">\n\t\t\t\t\t\t<section class=\"elementor-section elementor-top-section elementor-element elementor-element-83c8233 elementor-section-boxed elementor-section-height-default elementor-section-height-default\" data-id=\"83c8233\" data-element_type=\"section\" data-e-type=\"section\">\n\t\t\t\t\t\t<div class=\"elementor-container elementor-column-gap-default\">\n\t\t\t\t\t<div class=\"elementor-column elementor-col-100 elementor-top-column elementor-element elementor-element-975e8c0\" data-id=\"975e8c0\" data-element_type=\"column\" data-e-type=\"column\">\n\t\t\t<div class=\"elementor-widget-wrap elementor-element-populated\">\n\t\t\t\t\t\t<div class=\"elementor-element elementor-element-731c069 elementor-invisible elementor-widget elementor-widget-text-editor\" data-id=\"731c069\" data-element_type=\"widget\" data-e-type=\"widget\" data-settings=\"{&quot;_animation&quot;:&quot;fadeInDown&quot;}\" data-widget_type=\"text-editor.default\">\n\t\t\t\t<div class=\"elementor-widget-container\">\n\t\t\t\t\t\t\t\t\t<h4>PR\u00dcFUNG + WARTUNG + REPARATUR<\/h4>\n<h4 style=\"text-align: right;\">KRANE + TORE + HEBEZEUGE + LASTAUFNAHMEMITTEL<\/h4>\t\t\t\t\t\t\t\t<\/div>\n\t\t\t\t<\/div>\n\t\t\t\t\t<\/div>\n\t\t<\/div>\n\t\t\t\t\t<\/div>\n\t\t<\/section>\n\t\t\t\t<section class=\"elementor-section elementor-top-section elementor-element elementor-element-3a45868 elementor-section-boxed elementor-section-height-default elementor-section-height-default\" data-id=\"3a45868\" data-element_type=\"section\" data-e-type=\"section\">\n\t\t\t\t\t\t<div class=\"elementor-container elementor-column-gap-default\">\n\t\t\t\t\t<div class=\"elementor-column elementor-col-50 elementor-top-column elementor-element elementor-element-239c9f8\" data-id=\"239c9f8\" data-element_type=\"column\" data-e-type=\"column\">\n\t\t\t<div class=\"elementor-widget-wrap elementor-element-populated\">\n\t\t\t\t\t\t<div class=\"elementor-element elementor-element-728b8ce elementor-widget elementor-widget-image\" data-id=\"728b8ce\" data-element_type=\"widget\" data-e-type=\"widget\" data-widget_type=\"image.default\">\n\t\t\t\t<div class=\"elementor-widget-container\">\n\t\t\t\t\t\t\t\t\t\t\t\t\t\t\t<img fetchpriority=\"high\" decoding=\"async\" width=\"640\" height=\"436\" src=\"https:\/\/krantec.de\/wp-content\/uploads\/2022\/02\/lost-places-1801658_1920-1024x697.jpg\" class=\"attachment-large size-large wp-image-27\" alt=\"\" srcset=\"https:\/\/krantec.de\/wp-content\/uploads\/2022\/02\/lost-places-1801658_1920-1024x697.jpg 1024w, https:\/\/krantec.de\/wp-content\/uploads\/2022\/02\/lost-places-1801658_1920-300x204.jpg 300w, https:\/\/krantec.de\/wp-content\/uploads\/2022\/02\/lost-places-1801658_1920-768x523.jpg 768w, https:\/\/krantec.de\/wp-content\/uploads\/2022\/02\/lost-places-1801658_1920-1536x1046.jpg 1536w, https:\/\/krantec.de\/wp-content\/uploads\/2022\/02\/lost-places-1801658_1920.jpg 1920w\" sizes=\"(max-width: 640px) 100vw, 640px\" \/>\t\t\t\t\t\t\t\t\t\t\t\t\t\t\t<\/div>\n\t\t\t\t<\/div>\n\t\t\t\t\t<\/div>\n\t\t<\/div>\n\t\t\t\t<div class=\"elementor-column elementor-col-50 elementor-top-column elementor-element elementor-element-2275316\" data-id=\"2275316\" data-element_type=\"column\" data-e-type=\"column\">\n\t\t\t<div class=\"elementor-widget-wrap elementor-element-populated\">\n\t\t\t\t\t\t<div class=\"elementor-element elementor-element-50a19c7 elementor-widget elementor-widget-image\" data-id=\"50a19c7\" data-element_type=\"widget\" data-e-type=\"widget\" data-widget_type=\"image.default\">\n\t\t\t\t<div class=\"elementor-widget-container\">\n\t\t\t\t\t\t\t\t\t\t\t\t\t\t\t<img decoding=\"async\" width=\"640\" height=\"428\" src=\"https:\/\/krantec.de\/wp-content\/uploads\/2022\/02\/crane-3626170_1920-1024x685.jpg\" class=\"attachment-large size-large wp-image-31\" alt=\"\" srcset=\"https:\/\/krantec.de\/wp-content\/uploads\/2022\/02\/crane-3626170_1920-1024x685.jpg 1024w, https:\/\/krantec.de\/wp-content\/uploads\/2022\/02\/crane-3626170_1920-300x200.jpg 300w, https:\/\/krantec.de\/wp-content\/uploads\/2022\/02\/crane-3626170_1920-768x514.jpg 768w, https:\/\/krantec.de\/wp-content\/uploads\/2022\/02\/crane-3626170_1920-1536x1028.jpg 1536w, https:\/\/krantec.de\/wp-content\/uploads\/2022\/02\/crane-3626170_1920-600x400.jpg 600w, https:\/\/krantec.de\/wp-content\/uploads\/2022\/02\/crane-3626170_1920-1200x800.jpg 1200w, https:\/\/krantec.de\/wp-content\/uploads\/2022\/02\/crane-3626170_1920.jpg 1920w\" sizes=\"(max-width: 640px) 100vw, 640px\" \/>\t\t\t\t\t\t\t\t\t\t\t\t\t\t\t<\/div>\n\t\t\t\t<\/div>\n\t\t\t\t\t<\/div>\n\t\t<\/div>\n\t\t\t\t\t<\/div>\n\t\t<\/section>\n\t\t\t\t<section class=\"elementor-section elementor-top-section elementor-element elementor-element-dd8ed5b elementor-section-boxed elementor-section-height-default elementor-section-height-default\" data-id=\"dd8ed5b\" data-element_type=\"section\" data-e-type=\"section\">\n\t\t\t\t\t\t<div class=\"elementor-container elementor-column-gap-default\">\n\t\t\t\t\t<div class=\"elementor-column elementor-col-100 elementor-top-column elementor-element elementor-element-dd0177f\" data-id=\"dd0177f\" data-element_type=\"column\" data-e-type=\"column\">\n\t\t\t<div class=\"elementor-widget-wrap elementor-element-populated\">\n\t\t\t\t\t\t<div class=\"elementor-element elementor-element-0d59d47 elementor-invisible elementor-widget elementor-widget-text-editor\" data-id=\"0d59d47\" data-element_type=\"widget\" data-e-type=\"widget\" data-settings=\"{&quot;_animation&quot;:&quot;fadeIn&quot;}\" data-widget_type=\"text-editor.default\">\n\t\t\t\t<div class=\"elementor-widget-container\">\n\t\t\t\t\t\t\t\t\t<h3>KRANTEC GmbH seit \u00fcber 25 Jahren.<\/h3>\t\t\t\t\t\t\t\t<\/div>\n\t\t\t\t<\/div>\n\t\t\t\t\t<\/div>\n\t\t<\/div>\n\t\t\t\t\t<\/div>\n\t\t<\/section>\n\t\t\t\t<section class=\"elementor-section elementor-top-section elementor-element elementor-element-8fd76b9 elementor-section-boxed elementor-section-height-default elementor-section-height-default\" data-id=\"8fd76b9\" data-element_type=\"section\" data-e-type=\"section\">\n\t\t\t\t\t\t<div class=\"elementor-container elementor-column-gap-default\">\n\t\t\t\t\t<div class=\"elementor-column elementor-col-100 elementor-top-column elementor-element elementor-element-06bb454\" data-id=\"06bb454\" data-element_type=\"column\" data-e-type=\"column\">\n\t\t\t<div class=\"elementor-widget-wrap elementor-element-populated\">\n\t\t\t\t\t\t\t<\/div>\n\t\t<\/div>\n\t\t\t\t\t<\/div>\n\t\t<\/section>\n\t\t\t\t<section class=\"elementor-section elementor-top-section elementor-element elementor-element-4d5a1aa elementor-section-boxed elementor-section-height-default elementor-section-height-default\" data-id=\"4d5a1aa\" data-element_type=\"section\" data-e-type=\"section\">\n\t\t\t\t\t\t<div class=\"elementor-container elementor-column-gap-default\">\n\t\t\t\t\t<div class=\"elementor-column elementor-col-100 elementor-top-column elementor-element elementor-element-7985dd8d\" data-id=\"7985dd8d\" data-element_type=\"column\" data-e-type=\"column\">\n\t\t\t<div class=\"elementor-widget-wrap elementor-element-populated\">\n\t\t\t\t\t\t<div class=\"elementor-element elementor-element-3fe2de79 elementor-invisible elementor-widget elementor-widget-text-editor\" data-id=\"3fe2de79\" data-element_type=\"widget\" data-e-type=\"widget\" data-settings=\"{&quot;_animation&quot;:&quot;fadeIn&quot;}\" data-widget_type=\"text-editor.default\">\n\t\t\t\t<div class=\"elementor-widget-container\">\n\t\t\t\t\t\t\t\t\t<p><\/p>\n<p><\/p>\n<p><\/p>\n<p><\/p>\n<p><\/p>\n<p class=\"wp-block-paragraph\"><em>Wir sind bestrebt, unseren Kunden den besten Service f\u00fcr ihre Sicherheitsbed\u00fcrfnisse zu bieten.<\/em><\/p>\n<p><\/p>\n<p><\/p>\n<p class=\"wp-block-paragraph\"><em>Wir verfolgen einen kundenorientierten Ansatz f\u00fcr unsere Dienstleistungen \u2013 mit unserer langj\u00e4hrigen Erfahrung erh\u00f6hen wir die Sicherheit Ihrer Anlagen. Wir haben die M\u00f6glichkeit, unsere Dienstleistungen an Ihre Bed\u00fcrfnisse anzupassen, weshalb unsere Dienstleistungen einzigartig und von hoher Qualit\u00e4t sind.<\/em><\/p>\n<p><\/p>\n<p><\/p>\n<p class=\"wp-block-paragraph\"><\/p>\n<p><\/p>\t\t\t\t\t\t\t\t<\/div>\n\t\t\t\t<\/div>\n\t\t\t\t\t<\/div>\n\t\t<\/div>\n\t\t\t\t\t<\/div>\n\t\t<\/section>\n\t\t\t\t<section class=\"elementor-section elementor-top-section elementor-element elementor-element-394bed9 elementor-section-boxed elementor-section-height-default elementor-section-height-default\" data-id=\"394bed9\" data-element_type=\"section\" data-e-type=\"section\">\n\t\t\t\t\t\t<div class=\"elementor-container elementor-column-gap-default\">\n\t\t\t\t\t<div class=\"elementor-column elementor-col-100 elementor-top-column elementor-element elementor-element-220877d\" data-id=\"220877d\" data-element_type=\"column\" data-e-type=\"column\">\n\t\t\t<div class=\"elementor-widget-wrap elementor-element-populated\">\n\t\t\t\t\t\t<div class=\"elementor-element elementor-element-567ad8b elementor-widget-divider--separator-type-pattern elementor-widget-divider--view-line elementor-widget elementor-widget-divider\" data-id=\"567ad8b\" data-element_type=\"widget\" data-e-type=\"widget\" data-widget_type=\"divider.default\">\n\t\t\t\t<div class=\"elementor-widget-container\">\n\t\t\t\t\t\t\t<div class=\"elementor-divider\" style=\"--divider-pattern-url: url(&quot;data:image\/svg+xml,%3Csvg xmlns=&#039;http:\/\/www.w3.org\/2000\/svg&#039; preserveAspectRatio=&#039;none&#039; overflow=&#039;visible&#039; height=&#039;100%&#039; viewBox=&#039;0 0 20 16&#039; fill=&#039;none&#039; stroke=&#039;black&#039; stroke-width=&#039;1&#039; stroke-linecap=&#039;square&#039; stroke-miterlimit=&#039;10&#039;%3E%3Cg transform=&#039;translate(-12.000000, 0)&#039;%3E%3Cpath d=&#039;M28,0L10,18&#039;\/%3E%3Cpath d=&#039;M18,0L0,18&#039;\/%3E%3Cpath d=&#039;M48,0L30,18&#039;\/%3E%3Cpath d=&#039;M38,0L20,18&#039;\/%3E%3C\/g%3E%3C\/svg%3E&quot;);\">\n\t\t\t<span class=\"elementor-divider-separator\">\n\t\t\t\t\t\t<\/span>\n\t\t<\/div>\n\t\t\t\t\t\t<\/div>\n\t\t\t\t<\/div>\n\t\t\t\t\t<\/div>\n\t\t<\/div>\n\t\t\t\t\t<\/div>\n\t\t<\/section>\n\t\t\t\t<section class=\"elementor-section elementor-top-section elementor-element elementor-element-07099b5 elementor-section-boxed elementor-section-height-default elementor-section-height-default\" data-id=\"07099b5\" data-element_type=\"section\" data-e-type=\"section\">\n\t\t\t\t\t\t<div class=\"elementor-container elementor-column-gap-default\">\n\t\t\t\t\t<div class=\"elementor-column elementor-col-100 elementor-top-column elementor-element elementor-element-81abddf\" data-id=\"81abddf\" data-element_type=\"column\" data-e-type=\"column\">\n\t\t\t<div class=\"elementor-widget-wrap elementor-element-populated\">\n\t\t\t\t\t\t<div class=\"elementor-element elementor-element-ce0be03 elementor-widget elementor-widget-text-editor\" data-id=\"ce0be03\" data-element_type=\"widget\" data-e-type=\"widget\" data-widget_type=\"text-editor.default\">\n\t\t\t\t<div class=\"elementor-widget-container\">\n\t\t\t\t\t\t\t\t\t<h6 class=\"hero--headline--h1 panel--title\" title=\" Wiederkehrende Pr\u00fcfungen nach DGUV (ehemals UVV) - F\u00fcr Krane, Seilwinden, Hub- und Zugger\u00e4te, Lastaufnahme- und Anschlagmittel uvm. \"><span style=\"text-decoration: underline;\">Wiederkehrende Pr\u00fcfungen nach DGUV (ehemals UVV)<\/span><\/h6>\n<p class=\"hero--headline--h2 panel--title\" title=\" Wiederkehrende Pr\u00fcfungen nach DGUV (ehemals UVV) - F\u00fcr Krane, Seilwinden, Hub- und Zugger\u00e4te, Lastaufnahme- und Anschlagmittel uvm. \"><span style=\"color: #808080;\">F\u00fcr Krane, Seilwinden, Hub- und Zugger\u00e4te, Lastaufnahme- und Anschlagmittel und vieles mehr. <span style=\"color: #ffffff;\">Sachverst\u00e4ndigenabnahme<\/span><br \/><\/span><\/p>\t\t\t\t\t\t\t\t<\/div>\n\t\t\t\t<\/div>\n\t\t\t\t\t<\/div>\n\t\t<\/div>\n\t\t\t\t\t<\/div>\n\t\t<\/section>\n\t\t\t\t<section class=\"elementor-section elementor-top-section elementor-element elementor-element-61c4766 elementor-section-boxed elementor-section-height-default elementor-section-height-default\" data-id=\"61c4766\" data-element_type=\"section\" data-e-type=\"section\">\n\t\t\t\t\t\t<div class=\"elementor-container elementor-column-gap-default\">\n\t\t\t\t\t<div class=\"elementor-column elementor-col-100 elementor-top-column elementor-element elementor-element-ca9102f\" data-id=\"ca9102f\" data-element_type=\"column\" data-e-type=\"column\">\n\t\t\t<div class=\"elementor-widget-wrap elementor-element-populated\">\n\t\t\t\t\t\t<div class=\"elementor-element elementor-element-32f1b66 elementor-widget elementor-widget-accordion\" data-id=\"32f1b66\" data-element_type=\"widget\" data-e-type=\"widget\" data-widget_type=\"accordion.default\">\n\t\t\t\t<div class=\"elementor-widget-container\">\n\t\t\t\t\t\t\t<div class=\"elementor-accordion\">\n\t\t\t\t\t\t\t<div class=\"elementor-accordion-item\">\n\t\t\t\t\t<div id=\"elementor-tab-title-5341\" class=\"elementor-tab-title\" data-tab=\"1\" role=\"button\" aria-controls=\"elementor-tab-content-5341\" aria-expanded=\"false\">\n\t\t\t\t\t\t\t\t\t\t\t\t\t<span class=\"elementor-accordion-icon elementor-accordion-icon-left\" aria-hidden=\"true\">\n\t\t\t\t\t\t\t\t\t\t\t\t\t\t\t<span class=\"elementor-accordion-icon-closed\"><i class=\"fas fa-caret-square-down\"><\/i><\/span>\n\t\t\t\t\t\t\t\t<span class=\"elementor-accordion-icon-opened\"><i class=\"far fa-caret-square-up\"><\/i><\/span>\n\t\t\t\t\t\t\t\t\t\t\t\t\t\t<\/span>\n\t\t\t\t\t\t\t\t\t\t\t\t<a class=\"elementor-accordion-title\" tabindex=\"0\">Wiederkehrende Pr\u00fcfungen f\u00fcr Ihre Sicherheit<\/a>\n\t\t\t\t\t<\/div>\n\t\t\t\t\t<div id=\"elementor-tab-content-5341\" class=\"elementor-tab-content elementor-clearfix\" data-tab=\"1\" role=\"region\" aria-labelledby=\"elementor-tab-title-5341\"><div><strong>Krane<\/strong> &#8211; DGUV Vorschrift 52<\/div>\n<div><strong>Winden, Hub- und Zugger\u00e4te<\/strong> &#8211; DGUV Vorschrift 54<\/div>\n<div><strong>Anschlag- und Lastaufnahmemittel<\/strong> &#8211; DGUV Vorschrift 17<\/div>\n<div><strong>Hebeb\u00fchnen<\/strong> &#8211; DGUV Grundsatz 308-002<\/div>\n<div><strong>Bauaufz\u00fcge zur Bef\u00f6rderung von G\u00fctern<\/strong> &#8211; DGUV Regel 100-500<\/div><div><b>Erdbaumaschinen<\/b> &#8211; DGUV R 100-500 Kapitel 2.12<br><\/div>\n<div><strong>Hochziehbare Personenaufnahmemittel<\/strong> &#8211; DGUV Regel 101-005<\/div>\n<div><strong>Regale<\/strong> &#8211; DGUV Regel 108-007<\/div>\n<div><strong>Leitern und Tritte<\/strong> &#8211; DGUV Info 208-016<\/div>\n<div><strong>Kraftbet\u00e4tigte T\u00fcren und Tore<\/strong> &#8211; ASR A 1.7<\/div>\n<div><strong>Drahtseile<\/strong> &#8211; DIN ISO 4309<\/div>\n<div><b>Elektrischer Betriebsmittel<\/b> &#8211; DGUV V3, VDE701-0702<\/div>\n<div><strong>PSA gegen Absturz<\/strong> \u2013 DGUV Regel 112-198<\/div>\n<div><strong>PSA zum Retten<\/strong> \u2013 DGUV Regel 112-199<\/div>\n<div><br><\/div>\n<div><br><\/div>\n<div>&nbsp;<\/div>\n<div>&nbsp;<\/div>\n<div>&nbsp;<\/div>\n<div>&nbsp;<\/div>\n<div>&nbsp;<\/div><\/div>\n\t\t\t\t<\/div>\n\t\t\t\t\t\t\t\t\t\t<script type=\"application\/ld+json\">{\"@context\":\"https:\\\/\\\/schema.org\",\"@type\":\"FAQPage\",\"mainEntity\":[{\"@type\":\"Question\",\"name\":\"Wiederkehrende Pr\\u00fcfungen f\\u00fcr Ihre Sicherheit\",\"acceptedAnswer\":{\"@type\":\"Answer\",\"text\":\"<div><strong>Krane<\\\/strong> &#8211; DGUV Vorschrift 52<\\\/div>\\n<div><strong>Winden, Hub- und Zugger\\u00e4te<\\\/strong> &#8211; DGUV Vorschrift 54<\\\/div>\\n<div><strong>Anschlag- und Lastaufnahmemittel<\\\/strong> &#8211; DGUV Vorschrift 17<\\\/div>\\n<div><strong>Hebeb\\u00fchnen<\\\/strong> &#8211; DGUV Grundsatz 308-002<\\\/div>\\n<div><strong>Bauaufz\\u00fcge zur Bef\\u00f6rderung von G\\u00fctern<\\\/strong> &#8211; DGUV Regel 100-500<\\\/div><div><b>Erdbaumaschinen<\\\/b> &#8211; DGUV R 100-500 Kapitel 2.12<br><\\\/div>\\n<div><strong>Hochziehbare Personenaufnahmemittel<\\\/strong> &#8211; DGUV Regel 101-005<\\\/div>\\n<div><strong>Regale<\\\/strong> &#8211; DGUV Regel 108-007<\\\/div>\\n<div><strong>Leitern und Tritte<\\\/strong> &#8211; DGUV Info 208-016<\\\/div>\\n<div><strong>Kraftbet\\u00e4tigte T\\u00fcren und Tore<\\\/strong> &#8211; ASR A 1.7<\\\/div>\\n<div><strong>Drahtseile<\\\/strong> &#8211; DIN ISO 4309<\\\/div>\\n<div><b>Elektrischer Betriebsmittel<\\\/b> &#8211; DGUV V3, VDE701-0702<\\\/div>\\n<div><strong>PSA gegen Absturz<\\\/strong> \\u2013 DGUV Regel 112-198<\\\/div>\\n<div><strong>PSA zum Retten<\\\/strong> \\u2013 DGUV Regel 112-199<\\\/div>\\n<div><br><\\\/div>\\n<div><br><\\\/div>\\n<div>&nbsp;<\\\/div>\\n<div>&nbsp;<\\\/div>\\n<div>&nbsp;<\\\/div>\\n<div>&nbsp;<\\\/div>\\n<div>&nbsp;<\\\/div>\"}}]}<\/script>\n\t\t\t\t\t<\/div>\n\t\t\t\t\t\t<\/div>\n\t\t\t\t<\/div>\n\t\t\t\t\t<\/div>\n\t\t<\/div>\n\t\t\t\t\t<\/div>\n\t\t<\/section>\n\t\t\t\t<\/div>\n\t\t","protected":false},"excerpt":{"rendered":"<p>PR\u00dcFUNG + WARTUNG + REPARATUR KRANE + TORE + HEBEZEUGE + LASTAUFNAHMEMITTEL KRANTEC GmbH seit \u00fcber 25 Jahren. Wir sind bestrebt, unseren Kunden den besten&#8230;<\/p>\n","protected":false},"author":2,"featured_media":0,"parent":0,"menu_order":0,"comment_status":"closed","ping_status":"open","template":"","meta":{"_crdt_document":"","footnotes":""},"class_list":["post-2","page","type-page","status-publish","hentry"],"yoast_head":"<!-- This site is optimized with the Yoast SEO plugin v27.3 - https:\/\/yoast.com\/product\/yoast-seo-wordpress\/ -->\n<title>KranTEC F\u00f6rderger\u00e4teservice GmbH Pr\u00fcfung, Wartung, Reparatur<\/title>\n<meta name=\"description\" content=\"UVV-Pr\u00fcfungen, Krane, Anschlagmittel, Leitern, Regale, PSA, Tore, Lastaufnahmemittel, Traversen, Erstinbetriebnahme, DGUV, V3, VDE, BetrSichV; Sachverst\u00e4ndigenabnahme\" \/>\n<meta name=\"robots\" content=\"index, follow, max-snippet:-1, max-image-preview:large, max-video-preview:-1\" \/>\n<link rel=\"canonical\" href=\"https:\/\/krantec.de\/\" \/>\n<meta property=\"og:locale\" content=\"de_DE\" \/>\n<meta property=\"og:type\" content=\"article\" \/>\n<meta property=\"og:title\" content=\"KranTEC F\u00f6rderger\u00e4teservice GmbH Pr\u00fcfung, Wartung, Reparatur\" \/>\n<meta property=\"og:description\" content=\"UVV-Pr\u00fcfungen, Krane, Anschlagmittel, Leitern, Regale, PSA, Tore, Lastaufnahmemittel, Traversen, Erstinbetriebnahme, DGUV, V3, VDE, BetrSichV; Sachverst\u00e4ndigenabnahme\" \/>\n<meta property=\"og:url\" content=\"https:\/\/krantec.de\/\" \/>\n<meta property=\"og:site_name\" content=\"Krantec F\u00f6rderger\u00e4teservice GmbH\" \/>\n<meta property=\"article:modified_time\" content=\"2024-01-23T07:14:06+00:00\" \/>\n<meta property=\"og:image\" content=\"https:\/\/krantec.de\/wp-content\/uploads\/2022\/02\/lost-places-1801658_1920-1024x697.jpg\" \/>\n<meta name=\"twitter:card\" content=\"summary_large_image\" \/>\n<meta name=\"twitter:label1\" content=\"Gesch\u00e4tzte Lesezeit\" \/>\n\t<meta name=\"twitter:data1\" content=\"2\u00a0Minuten\" \/>\n<script type=\"application\/ld+json\" class=\"yoast-schema-graph\">{\"@context\":\"https:\\\/\\\/schema.org\",\"@graph\":[{\"@type\":\"WebPage\",\"@id\":\"https:\\\/\\\/krantec.de\\\/\",\"url\":\"https:\\\/\\\/krantec.de\\\/\",\"name\":\"KranTEC F\u00f6rderger\u00e4teservice GmbH Pr\u00fcfung, Wartung, Reparatur\",\"isPartOf\":{\"@id\":\"https:\\\/\\\/krantec.de\\\/#website\"},\"primaryImageOfPage\":{\"@id\":\"https:\\\/\\\/krantec.de\\\/#primaryimage\"},\"image\":{\"@id\":\"https:\\\/\\\/krantec.de\\\/#primaryimage\"},\"thumbnailUrl\":\"https:\\\/\\\/krantec.de\\\/wp-content\\\/uploads\\\/2022\\\/02\\\/lost-places-1801658_1920-1024x697.jpg\",\"datePublished\":\"2022-02-07T10:01:31+00:00\",\"dateModified\":\"2024-01-23T07:14:06+00:00\",\"description\":\"UVV-Pr\u00fcfungen, Krane, Anschlagmittel, Leitern, Regale, PSA, Tore, Lastaufnahmemittel, Traversen, Erstinbetriebnahme, DGUV, V3, VDE, BetrSichV; Sachverst\u00e4ndigenabnahme\",\"breadcrumb\":{\"@id\":\"https:\\\/\\\/krantec.de\\\/#breadcrumb\"},\"inLanguage\":\"de\",\"potentialAction\":[{\"@type\":\"ReadAction\",\"target\":[\"https:\\\/\\\/krantec.de\\\/\"]}]},{\"@type\":\"ImageObject\",\"inLanguage\":\"de\",\"@id\":\"https:\\\/\\\/krantec.de\\\/#primaryimage\",\"url\":\"https:\\\/\\\/krantec.de\\\/wp-content\\\/uploads\\\/2022\\\/02\\\/lost-places-1801658_1920.jpg\",\"contentUrl\":\"https:\\\/\\\/krantec.de\\\/wp-content\\\/uploads\\\/2022\\\/02\\\/lost-places-1801658_1920.jpg\",\"width\":1920,\"height\":1307},{\"@type\":\"BreadcrumbList\",\"@id\":\"https:\\\/\\\/krantec.de\\\/#breadcrumb\",\"itemListElement\":[{\"@type\":\"ListItem\",\"position\":1,\"name\":\"Startseite\",\"item\":\"https:\\\/\\\/krantec.de\\\/\"},{\"@type\":\"ListItem\",\"position\":2,\"name\":\"Willkommen\"}]},{\"@type\":\"WebSite\",\"@id\":\"https:\\\/\\\/krantec.de\\\/#website\",\"url\":\"https:\\\/\\\/krantec.de\\\/\",\"name\":\"Krantec F\u00f6rderger\u00e4teservice GmbH\",\"description\":\"Wir bewegen was.\",\"publisher\":{\"@id\":\"https:\\\/\\\/krantec.de\\\/#organization\"},\"potentialAction\":[{\"@type\":\"SearchAction\",\"target\":{\"@type\":\"EntryPoint\",\"urlTemplate\":\"https:\\\/\\\/krantec.de\\\/?s={search_term_string}\"},\"query-input\":{\"@type\":\"PropertyValueSpecification\",\"valueRequired\":true,\"valueName\":\"search_term_string\"}}],\"inLanguage\":\"de\"},{\"@type\":\"Organization\",\"@id\":\"https:\\\/\\\/krantec.de\\\/#organization\",\"name\":\"Krantec F\u00f6rderger\u00e4teservice GmbH\",\"url\":\"https:\\\/\\\/krantec.de\\\/\",\"logo\":{\"@type\":\"ImageObject\",\"inLanguage\":\"de\",\"@id\":\"https:\\\/\\\/krantec.de\\\/#\\\/schema\\\/logo\\\/image\\\/\",\"url\":\"https:\\\/\\\/krantec.de\\\/wp-content\\\/uploads\\\/2022\\\/02\\\/cropped-ktlogoHP.png\",\"contentUrl\":\"https:\\\/\\\/krantec.de\\\/wp-content\\\/uploads\\\/2022\\\/02\\\/cropped-ktlogoHP.png\",\"width\":479,\"height\":166,\"caption\":\"Krantec F\u00f6rderger\u00e4teservice GmbH\"},\"image\":{\"@id\":\"https:\\\/\\\/krantec.de\\\/#\\\/schema\\\/logo\\\/image\\\/\"}}]}<\/script>\n<!-- \/ Yoast SEO plugin. -->","yoast_head_json":{"title":"KranTEC F\u00f6rderger\u00e4teservice GmbH Pr\u00fcfung, Wartung, Reparatur","description":"UVV-Pr\u00fcfungen, Krane, Anschlagmittel, Leitern, Regale, PSA, Tore, Lastaufnahmemittel, Traversen, Erstinbetriebnahme, DGUV, V3, VDE, BetrSichV; Sachverst\u00e4ndigenabnahme","robots":{"index":"index","follow":"follow","max-snippet":"max-snippet:-1","max-image-preview":"max-image-preview:large","max-video-preview":"max-video-preview:-1"},"canonical":"https:\/\/krantec.de\/","og_locale":"de_DE","og_type":"article","og_title":"KranTEC F\u00f6rderger\u00e4teservice GmbH Pr\u00fcfung, Wartung, Reparatur","og_description":"UVV-Pr\u00fcfungen, Krane, Anschlagmittel, Leitern, Regale, PSA, Tore, Lastaufnahmemittel, Traversen, Erstinbetriebnahme, DGUV, V3, VDE, BetrSichV; Sachverst\u00e4ndigenabnahme","og_url":"https:\/\/krantec.de\/","og_site_name":"Krantec F\u00f6rderger\u00e4teservice GmbH","article_modified_time":"2024-01-23T07:14:06+00:00","og_image":[{"url":"https:\/\/krantec.de\/wp-content\/uploads\/2022\/02\/lost-places-1801658_1920-1024x697.jpg","type":"","width":"","height":""}],"twitter_card":"summary_large_image","twitter_misc":{"Gesch\u00e4tzte Lesezeit":"2\u00a0Minuten"},"schema":{"@context":"https:\/\/schema.org","@graph":[{"@type":"WebPage","@id":"https:\/\/krantec.de\/","url":"https:\/\/krantec.de\/","name":"KranTEC F\u00f6rderger\u00e4teservice GmbH Pr\u00fcfung, Wartung, Reparatur","isPartOf":{"@id":"https:\/\/krantec.de\/#website"},"primaryImageOfPage":{"@id":"https:\/\/krantec.de\/#primaryimage"},"image":{"@id":"https:\/\/krantec.de\/#primaryimage"},"thumbnailUrl":"https:\/\/krantec.de\/wp-content\/uploads\/2022\/02\/lost-places-1801658_1920-1024x697.jpg","datePublished":"2022-02-07T10:01:31+00:00","dateModified":"2024-01-23T07:14:06+00:00","description":"UVV-Pr\u00fcfungen, Krane, Anschlagmittel, Leitern, Regale, PSA, Tore, Lastaufnahmemittel, Traversen, Erstinbetriebnahme, DGUV, V3, VDE, BetrSichV; Sachverst\u00e4ndigenabnahme","breadcrumb":{"@id":"https:\/\/krantec.de\/#breadcrumb"},"inLanguage":"de","potentialAction":[{"@type":"ReadAction","target":["https:\/\/krantec.de\/"]}]},{"@type":"ImageObject","inLanguage":"de","@id":"https:\/\/krantec.de\/#primaryimage","url":"https:\/\/krantec.de\/wp-content\/uploads\/2022\/02\/lost-places-1801658_1920.jpg","contentUrl":"https:\/\/krantec.de\/wp-content\/uploads\/2022\/02\/lost-places-1801658_1920.jpg","width":1920,"height":1307},{"@type":"BreadcrumbList","@id":"https:\/\/krantec.de\/#breadcrumb","itemListElement":[{"@type":"ListItem","position":1,"name":"Startseite","item":"https:\/\/krantec.de\/"},{"@type":"ListItem","position":2,"name":"Willkommen"}]},{"@type":"WebSite","@id":"https:\/\/krantec.de\/#website","url":"https:\/\/krantec.de\/","name":"Krantec F\u00f6rderger\u00e4teservice GmbH","description":"Wir bewegen was.","publisher":{"@id":"https:\/\/krantec.de\/#organization"},"potentialAction":[{"@type":"SearchAction","target":{"@type":"EntryPoint","urlTemplate":"https:\/\/krantec.de\/?s={search_term_string}"},"query-input":{"@type":"PropertyValueSpecification","valueRequired":true,"valueName":"search_term_string"}}],"inLanguage":"de"},{"@type":"Organization","@id":"https:\/\/krantec.de\/#organization","name":"Krantec F\u00f6rderger\u00e4teservice GmbH","url":"https:\/\/krantec.de\/","logo":{"@type":"ImageObject","inLanguage":"de","@id":"https:\/\/krantec.de\/#\/schema\/logo\/image\/","url":"https:\/\/krantec.de\/wp-content\/uploads\/2022\/02\/cropped-ktlogoHP.png","contentUrl":"https:\/\/krantec.de\/wp-content\/uploads\/2022\/02\/cropped-ktlogoHP.png","width":479,"height":166,"caption":"Krantec F\u00f6rderger\u00e4teservice GmbH"},"image":{"@id":"https:\/\/krantec.de\/#\/schema\/logo\/image\/"}}]}},"_links":{"self":[{"href":"https:\/\/krantec.de\/index.php?rest_route=\/wp\/v2\/pages\/2","targetHints":{"allow":["GET"]}}],"collection":[{"href":"https:\/\/krantec.de\/index.php?rest_route=\/wp\/v2\/pages"}],"about":[{"href":"https:\/\/krantec.de\/index.php?rest_route=\/wp\/v2\/types\/page"}],"author":[{"embeddable":true,"href":"https:\/\/krantec.de\/index.php?rest_route=\/wp\/v2\/users\/2"}],"replies":[{"embeddable":true,"href":"https:\/\/krantec.de\/index.php?rest_route=%2Fwp%2Fv2%2Fcomments&post=2"}],"version-history":[{"count":32,"href":"https:\/\/krantec.de\/index.php?rest_route=\/wp\/v2\/pages\/2\/revisions"}],"predecessor-version":[{"id":311,"href":"https:\/\/krantec.de\/index.php?rest_route=\/wp\/v2\/pages\/2\/revisions\/311"}],"wp:attachment":[{"href":"https:\/\/krantec.de\/index.php?rest_route=%2Fwp%2Fv2%2Fmedia&parent=2"}],"curies":[{"name":"wp","href":"https:\/\/api.w.org\/{rel}","templated":true}]}}