{"id":3,"date":"2022-02-07T10:01:31","date_gmt":"2022-02-07T10:01:31","guid":{"rendered":"https:\/\/krantec.de\/?page_id=3"},"modified":"2022-02-12T11:55:36","modified_gmt":"2022-02-12T11:55:36","slug":"privacy-policy","status":"publish","type":"page","link":"https:\/\/krantec.de\/?page_id=3","title":{"rendered":"Datenschutz"},"content":{"rendered":"\n<p class=\"wp-block-paragraph\"><strong>KRANTEC F\u00f6rderger\u00e4teservice GmbH Datenschutzhinweise<\/strong><\/p>\n\n\n\n<p class=\"wp-block-paragraph\">Die KRANTEC F\u00f6rderger\u00e4teservice GmbH, Franz-Mehring-Stra\u00dfe 38, 01979 Lauchhammer, nimmt den Schutz der pers\u00f6nlichen Daten ihrer Kunden und Interessenten sehr ernst und h\u00e4lt sich an die Regeln der Datenschutzgesetze. In keinem Fall werden die erhobenen Daten verkauft.<\/p>\n\n\n\n<p class=\"wp-block-paragraph\">Die nachfolgende Erkl\u00e4rung gibt insbesondere einen \u00dcberblick dar\u00fcber, wie die KRANTEC F\u00f6rderger\u00e4teservice GmbH diesen Schutz gew\u00e4hrleistet und welche Art von Daten zu welchem Zweck erhoben werden.<\/p>\n\n\n\n<h3 class=\"wp-block-heading\" id=\"personenbezogene-daten\">Personenbezogene Daten<\/h3>\n\n\n\n<p class=\"wp-block-paragraph\">Personenbezogene Daten sind alle Daten, die auf den Nutzer pers\u00f6nlich beziehbar sind, z.B. Name, Adresse, E-Mail-Adressen.<\/p>\n\n\n\n<h3 class=\"wp-block-heading\" id=\"verantwortlicher-und-datenschutzbeauftragter\">Verantwortlicher und Datenschutzbeauftragter<\/h3>\n\n\n\n<p class=\"wp-block-paragraph\">Verantwortlicher gem. Art. 4 Nr. 7 EU-Datenschutz-Grundverordnung (DS-GVO) ist die<\/p>\n\n\n\n<p class=\"wp-block-paragraph\">KRANTEC F\u00f6rderger\u00e4teservice GmbH, Franz-Mehring-Stra\u00dfe 38, 01979 Lauchhammer.<\/p>\n\n\n\n<p class=\"wp-block-paragraph\">Unser interner Datenschutzbeauftragter steht Ihnen gerne f\u00fcr Ausk\u00fcnfte zum Thema Datenschutz unter folgenden Kontaktdaten zur Verf\u00fcgung:<\/p>\n\n\n\n<p class=\"wp-block-paragraph\">E-Mail: <a href=\"mailto:admin@krantec.online\">admin@krantec.online<\/a><\/p>\n\n\n\n<p class=\"wp-block-paragraph\">Wenn Sie sich an unseren Datenschutzbeauftragten wenden, geben Sie hierbei bitte auch die verantwortliche Stelle an, die im Impressum genannt wird.<\/p>\n\n\n\n<h3 class=\"wp-block-heading\" id=\"datensicherheit\">Datensicherheit<\/h3>\n\n\n\n<p class=\"wp-block-paragraph\">Die KRANTEC F\u00f6rderger\u00e4teservice GmbH trifft alle notwendigen technischen und organisatorischen Sicherheitsma\u00dfnahmen, um personenbezogene Daten vor Verlust und Missbrauch zu sch\u00fctzen. So werden Daten in einer sicheren Betriebsumgebung gespeichert, die der \u00d6ffentlichkeit nicht zug\u00e4nglich ist.<\/p>\n\n\n\n<p class=\"wp-block-paragraph\">Vertrauliche Informationen werden, sofern m\u00f6glich, per SSL-Zertifikat verschl\u00fcsselt \u00fcber das HTTPS-Protokoll \u00fcbertragen.<\/p>\n\n\n\n<h3 class=\"wp-block-heading\" id=\"rechte-des-nutzers\">Rechte des Nutzers<\/h3>\n\n\n\n<p class=\"wp-block-paragraph\">Der Nutzer hat gegen\u00fcber uns folgende Rechte hinsichtlich der ihn betreffenden personenbezogenen Daten:<\/p>\n\n\n\n<ul class=\"wp-block-list\"><li>Recht auf Auskunft (Art. 15 DSGVO),<\/li><li>Recht auf Berichtigung oder L\u00f6schung (Art. 16 und 17 DSGVO),<\/li><li>Recht auf Einschr\u00e4nkung der Verarbeitung (Art. 18 DSGVO),<\/li><li>Recht auf Widerspruch gegen die Verarbeitung (Art. 21 DSGVO),<\/li><li>Recht auf Daten\u00fcbertragbarkeit (Art. 20 DSGVO).<\/li><\/ul>\n\n\n\n<p class=\"wp-block-paragraph\">Der Nutzer hat zudem das Recht, sich bei einer Datenschutz-Aufsichtsbeh\u00f6rde \u00fcber die Verarbeitung seiner personenbezogenen Daten durch uns zu beschweren.<\/p>\n\n\n\n<p class=\"wp-block-paragraph\">Eine zust\u00e4ndige Beh\u00f6rde ist:<br>Die Landesbeauftragte f\u00fcr den Datenschutz und f\u00fcr das Recht auf Akteneinsicht<br>Dagmar Hartge<br>Stahnsdorfer Damm 77<br>14532 Kleinmachnow<\/p>\n\n\n\n<p class=\"wp-block-paragraph\">Telefon: 033203\/356-0<br>Telefax: 033203\/356-49<br>E-Mail: <a href=\"mailto:Poststelle@LDA.Brandenburg.de\">Poststelle@LDA.Brandenburg.de<\/a><\/p>\n\n\n\n<p class=\"wp-block-paragraph\">Falls der Nutzer eine Einwilligung zur Verarbeitung seiner Daten erteilt hat, kann er diese jederzeit widerrufen (Art. 7 DSGVO). Ein solcher Widerruf beeinflusst die Zul\u00e4ssigkeit der Verarbeitung der personenbezogenen Daten, ohne dass die Rechtm\u00e4\u00dfigkeit der aufgrund der Einwilligung bis zum Widerruf erfolgten Datenverarbeitung ber\u00fchrt wird.<\/p>\n\n\n\n<p class=\"wp-block-paragraph\">Soweit wir die Verarbeitung Ihrer personenbezogenen Daten auf die Interessenabw\u00e4gung nach Art. 6 Abs. 1 S. 1 lit. f) DSGVO st\u00fctzen, k\u00f6nnen Nutzer einen Widerspruch gem\u00e4\u00df Art. 21 DSGVO gegen die Verarbeitung einlegen. Dies ist der Fall, wenn die Verarbeitung insbesondere nicht zur Erf\u00fcllung eines Vertrages mit den Nutzern erforderlich ist, was von uns jeweils bei der nachfolgenden Beschreibung der Funktionen dargestellt wird. Bei Aus\u00fcbung eines solchen Widerspruchs bitten wir um Darlegung der Gr\u00fcnde, weshalb wir die personenbezogenen Daten nicht wie von uns durchgef\u00fchrt verarbeiten sollten. Im Falle eines begr\u00fcndeten Widerspruchs pr\u00fcfen wir die Sachlage und werden entweder die Datenverarbeitung einstellen bzw. anpassen oder unsere zwingenden schutzw\u00fcrdigen Gr\u00fcnde aufzeigen, aufgrund derer wir die Verarbeitung fortf\u00fchren.<\/p>\n\n\n\n<p class=\"wp-block-paragraph\">Selbstverst\u00e4ndlich k\u00f6nnen Nutzer der Verarbeitung Ihrer personenbezogenen Daten f\u00fcr Zwecke der Werbung und Datenanalyse jederzeit widersprechen. \u00dcber den Werbewiderspruch k\u00f6nnen Nutzer uns unter folgenden Kontaktdaten informieren:<\/p>\n\n\n\n<p class=\"wp-block-paragraph\">KRANTEC F\u00f6rderger\u00e4teservice GmbH<br>Franz-Mehring-Stra\u00dfe 38<br>D-01979 Lauchhammer<br>Tel.: 03574 46 46 23<br>Fax: 03574 46 46 25<br>E-Mail:&nbsp;<a href=\"mailto:info@krantec.de\">info@krantec.de<\/a><\/p>\n\n\n\n<h3 class=\"wp-block-heading\" id=\"cookies\">Cookies<\/h3>\n\n\n\n<p class=\"wp-block-paragraph\">Die Internetseite www.krantec.de verwendet an mehreren Stellen \u201cCookies\u201d. Cookies richten auf Ihrem Computer keinen Schaden an und enthalten auch keine Viren. Sie dienen dazu, das Angebot nutzerfreundlicher, effektiver und sicherer zu machen. Cookies sind kleine Textdateien, die es erm\u00f6glichen, den Nutzer wiederzuerkennen. Sie werden auf dem Rechner des Nutzers abgelegt und von dessen Browser gespeichert. Die von KRANTEC F\u00f6rderger\u00e4teservice GmbH verwendeten Cookies sind so genannte \u201cSession-Cookies\u201d. Diese speichern eine sogenannte Session-ID, mit welcher sich verschiedene Anfragen des Browsers der gemeinsamen Sitzung zuordnen lassen. Dadurch kann der Rechner wiedererkannt werden, wenn der Nutzer auf unsere Website zur\u00fcckkehrt. Sie werden nach Ende des Besuchs automatisch gel\u00f6scht. Rechtsgrundlage f\u00fcr das Setzen dieser Cookies ist das berechtigte Interesse nach Art. 6 Abs. 1 S. 1 lit. f) DSGVO. Notwendige Cookies erm\u00f6glichen grundlegende Funktionen und sind f\u00fcr die einwandfreie Funktion der Website erforderlich. Wir haben ein berechtigtes Interesse daran, die Webseite m\u00f6glichst benutzerfreundlich zu gestalten.<\/p>\n\n\n\n<p class=\"wp-block-paragraph\">Name des Cookies Speicherdauer des Cookies<br>CookieConsent 1 Jahr<br>CookieConsentBulkSetting dauerhaft<\/p>\n\n\n\n<p class=\"wp-block-paragraph\">Eine Nutzung der Angebote ist auch ohne Cookies m\u00f6glich. Nutzer k\u00f6nnen in ihrem Browser das Speichern von Cookies deaktivieren, auf bestimmte Websites beschr\u00e4nken oder ihren Browser so einstellen, dass er sie benachrichtigt, sobald ein Cookie gesendet wird. Nutzer k\u00f6nnen Cookies auch von der Festplatte l\u00f6schen. Die Nutzer k\u00f6nnen ihre Browser-Einstellung entsprechend ihren W\u00fcnschen konfigurieren und z.B. Annahme von Third-Party-Cookies oder allen Cookies ablehnen. Wir weisen Nutzer darauf hin, dass sie eventuell nicht alle Funktionen dieser Website nutzen k\u00f6nnen; in diesem Fall ist insbesondere nur eine eingeschr\u00e4nkte Darstellung der Seite und eine eingeschr\u00e4nkte Benutzerf\u00fchrung m\u00f6glich.<\/p>\n\n\n\n<h3 class=\"wp-block-heading\" id=\"kommunikation-per-e-mail-telefon-kontaktformular\">Kommunikation per E-Mail\/Telefon\/Kontaktformular<\/h3>\n\n\n\n<p class=\"wp-block-paragraph\">Pers\u00f6nliche Angaben, die Sie uns per E-Mail, Telefon, Post oder Kontaktformular (z. B. Pr\u00fcfungs \u2013 Wartungsanfrage) \u00fcberlassen, behandeln wir selbstverst\u00e4ndlich vertraulich. Wir verwenden Ihre Daten ausschlie\u00dflich zweckgebunden, um Ihre Anfrage zu bearbeiten. Rechtsgrundlage f\u00fcr die Datenverarbeitung ist Art. 6 Abs. 1 S. 1 lit. B und lit. f) DSGVO (berechtigtes Interesse). Das berechtigte Interesse ergibt sich hierbei aus dem Interesse, Anfragen unserer Kunden, Gesch\u00e4ftspartner und Interessenten zu beantworten und somit die Kundenzufriedenheit zu erhalten und zu f\u00f6rdern.<\/p>\n\n\n\n<p class=\"wp-block-paragraph\">Eine Weitergabe der Daten an Dritte au\u00dferhalb der KRANTEC F\u00f6rderger\u00e4teservice GmbH schlie\u00dfen wir grunds\u00e4tzlich aus. Es kann jedoch erforderlich sein, dass wir Anfragen an andere Gesellschaften von uns sorgf\u00e4ltig ausgew\u00e4hlte Subunternehmer weitergeben, sofern dies zur Bearbeitung (z. B. zu deren Beantwortung) erforderlich ist.<\/p>\n\n\n\n<p class=\"wp-block-paragraph\">Hat sich Ihr Anliegen endg\u00fcltig erledigt und bestehen keine sonstigen gesetzlichen Aufbewahrungspflichten aus dem Steuer- (Abgabenordnung) oder Handelsrecht (HGB), werden die Daten wieder gel\u00f6scht.<\/p>\n\n\n\n<h3 class=\"wp-block-heading\" id=\"datenverarbeitung-von-ansprechpartnern\">Datenverarbeitung von Ansprechpartnern<\/h3>\n\n\n\n<p class=\"wp-block-paragraph\">Die KRANTEC F\u00f6rderger\u00e4teservice GmbH verarbeitet die Kontaktdaten von Ansprechpartnern bei Kunden, Interessenten, Lieferanten und sonstigen Gesch\u00e4ftspartnern zur Kommunikation per E-Mail, Telefon, Telefax und Post. Rechtsgrundlage f\u00fcr die Datenverarbeitung ist Art. 6 Abs. 1 S. 1 lit. f) DSGVO. Das berechtigte Interesse seitens KRANTEC F\u00f6rderger\u00e4teservice GmbH ergibt sich hierbei aus dem Interesse, die Gesch\u00e4ftsbeziehung mit Kunden, Interessenten, Lieferanten und sonstigen Gesch\u00e4ftspartnern durchzuf\u00fchren oder einzuleiten und hierbei pers\u00f6nlichen Kontakt mit Ansprechpartnern zu halten.<\/p>\n\n\n\n<p class=\"wp-block-paragraph\">Personenbezogene Daten werden zum Zweck der Durchf\u00fchrung von Gesch\u00e4ftsbeziehungen solange gespeichert, wie hieran ein berechtigtes Interesse besteht.<\/p>\n\n\n\n<h3 class=\"wp-block-heading\" id=\"ausgelagerte-it-und-hosting\">Ausgelagerte IT und Hosting<\/h3>\n\n\n\n<p class=\"wp-block-paragraph\">Wir nehmen IT- Software- und Hostingleistungen von Dienstleistern im Rahmen der Erbringung von Services und der Erf\u00fcllung Ihrer Anliegen und unserer vertraglichen Verpflichtungen auf der Basis unserer Interessen an effizienter und sicherer Unternehmens- und Vertragsausf\u00fchrung in Anspruch. Dabei werden Ihre Daten zu Ihren Interessen, Anliegen, Bestellungen und Besuchen bzw. Wahrnehmungen unserer Leistungsangebote auch mit Hilfe der Leistungen dieser Dienstleister verarbeitet.<\/p>\n\n\n\n<p class=\"wp-block-paragraph\">Soweit gesetzlich gefordert und nicht ohnehin \u00fcber Regelungen zur Berufsverschwiegenheit abgesichert, haben wir in Auftragsverarbeitungsf\u00e4llen unseren Zugriff und die sichere sowie vertrauliche Behandlung Ihrer Daten vertraglich abgesichert. Ferner werden die von uns eingesetzten Auftragsverarbeiter sorgf\u00e4ltig unter Beachtung der Vorgaben nach Art. 28 DSGVO ausgesucht und von uns auditiert<\/p>\n\n\n\n<h3 class=\"wp-block-heading\" id=\"entgegenahme-von-bewerbungen\">Entgegenahme von Bewerbungen<\/h3>\n\n\n\n<p class=\"wp-block-paragraph\">Neben dem Postweg k\u00f6nnen Sie uns Ihre Bewerbungsunterlagen zur schnellen und komfortablen Bewerbung per E-Mail zukommen lassen. An uns versendete Bewerbungsunterlagen verwenden wir ausschlie\u00dflich f\u00fcr die Durchf\u00fchrung des Bewerbungsverfahrens. Bitte beachten Sie, dass Bewerbungen, die Sie uns per E-Mail senden, unverschl\u00fcsselt an uns \u00fcbertragen werden und die Daten unter Umst\u00e4nden von Unbefugten zur Kenntnis genommen oder auch verf\u00e4lscht werden k\u00f6nnten.<\/p>\n\n\n\n<p class=\"wp-block-paragraph\">Der Zweck der Verarbeitung Ihrer personenbezogenen Daten ist die Durchf\u00fchrung Ihres Bewerbungsverfahrens in unserem Unternehmen und somit die etwaige Begr\u00fcndung eines neuen Besch\u00e4ftigungsverh\u00e4ltnisses.<\/p>\n\n\n\n<p class=\"wp-block-paragraph\">Rechtsgrundlage f\u00fcr diese Verarbeitung ist Art. 88 Abs. 1 DSGVO i.V.m. \u00a7 26 Abs. 1 BDSG.<\/p>\n\n\n\n<p class=\"wp-block-paragraph\">Ihre Daten werden grunds\u00e4tzlich nicht an externe Stellen weitergegeben. Innerhalb des Unternehmens erhalten lediglich die Personen Zugriff auf Ihre personenbezogenen Daten, die an der Entscheidungsfindung beteiligt sind.<\/p>\n\n\n\n<p class=\"wp-block-paragraph\">Ihre personenbezogenen Daten werden im Falle einer erfolgreichen Bewerbung f\u00fcr die Dauer Ihres Besch\u00e4ftigtenverh\u00e4ltnisses gespeichert. Dar\u00fcber hinaus werden nach dessen Beendigung Ihre steuerlich relevanten Daten im Rahmen der gesetzlichen Aufbewahrungsfristen gem\u00e4\u00df \u00a7\u00a7 257 Abs. 1 Nr. 1, Abs. 4 HGB, 147 AO f\u00fcr einen Zeitraum von bis zu 10 Jahren archiviert. Im Falle einer erfolglosen Bewerbung werden Ihre personenbezogenen Daten drei Monate nach der Absage gel\u00f6scht. Eine l\u00e4ngere Speicherung trotz Absage erfolgt lediglich mit Ihrer Einwilligung oder bei Vorliegen berechtigter Gr\u00fcnde, z.B. wenn Anspr\u00fcche gegen die Nichtber\u00fccksichtigung Ihrer Bewerbung erhoben werden (Rechtsgrundlage Art. 6 Abs. 1 Satz 1 lit. f DSGVO).<\/p>\n\n\n\n<p class=\"wp-block-paragraph\">Bewerbungen k\u00f6nnen Sie senden an: <a href=\"mailto:info@krantec.de\">info@krantec.de<\/a> oder auch per Post.<\/p>\n\n\n\n<h3 class=\"wp-block-heading\" id=\"bestehen-einer-automatisierten-entscheidungsfindung\">Bestehen einer automatisierten Entscheidungsfindung<\/h3>\n\n\n\n<p class=\"wp-block-paragraph\">Eine automatische Entscheidungsfindung oder ein Profiling findet nicht statt.<\/p>\n\n\n\n<h3 class=\"wp-block-heading\" id=\"weitere-informationen\">Weitere Informationen<\/h3>\n\n\n\n<p class=\"wp-block-paragraph\">Dem Nutzer ist bekannt, dass der Datenschutz bei Daten\u00fcbertragungen im Internet nach dem derzeitigen Stand der Technik noch nicht umfassend gew\u00e4hrleistet werden kann. Der Nutzer tr\u00e4gt insofern f\u00fcr die Sicherheit der von ihm ins Internet \u00fcbermittelten Daten selbst Sorge.<\/p>\n\n\n\n<p class=\"wp-block-paragraph\">Das Vertrauen der Nutzer ist der KRANTEC F\u00f6rderger\u00e4teservice GmbH sehr wichtig. Daher ist KRANTEC F\u00f6rderger\u00e4teservice GmbH gern bereit, Rede und Antwort hinsichtlich der Verarbeitung personenbezogener Daten zu stehen. Wenn Fragen bestehen, die diese Datenschutzerkl\u00e4rung nicht beantworten konnte oder wenn Nutzer zu einem Punkt vertiefte Informationen w\u00fcnschen, k\u00f6nnen sie sich jederzeit an folgende E-Mailadresse wenden: <a href=\"mailto:admin@krantec.online\">admin@krantec.online<\/a><\/p>\n\n\n\n<h3 class=\"wp-block-heading\" id=\"cookierenew\">Keine Pflicht zur Bereitstellung personenbezogener Daten<\/h3>\n\n\n\n<p class=\"wp-block-paragraph\">Soweit in den vorherigen Kapiteln keine anderslautenden Angaben gemacht wurden, ist die Bereitstellung personenbezogener Daten nicht gesetzlich oder vertraglich vorgeschrieben oder f\u00fcr einen Vertragsabschluss erforderlich. Sie sind nicht verpflichtet, die personenbezogenen Daten bereitzustellen, wenn zuvor keine anderslautenden Angaben gemacht wurden. Eine Nichtbereitstellung Ihrer personenbezogenen Daten hat u.U. zur Folge, dass wir Ihre Kontaktanfrage nicht beantworten k\u00f6nnen, eine Teilnahme am Bewerbungsverfahren oder eine Teilnahme an einer Veranstaltung nicht m\u00f6glich ist.<\/p>\n","protected":false},"excerpt":{"rendered":"<p>KRANTEC F\u00f6rderger\u00e4teservice GmbH Datenschutzhinweise Die KRANTEC F\u00f6rderger\u00e4teservice GmbH, Franz-Mehring-Stra\u00dfe 38, 01979 Lauchhammer, nimmt den Schutz der pers\u00f6nlichen Daten ihrer Kunden und Interessenten sehr ernst und&#8230;<\/p>\n","protected":false},"author":2,"featured_media":0,"parent":0,"menu_order":0,"comment_status":"closed","ping_status":"open","template":"","meta":{"_crdt_document":"","footnotes":""},"class_list":["post-3","page","type-page","status-publish","hentry"],"yoast_head":"<!-- This site is optimized with the Yoast SEO plugin v27.5 - https:\/\/yoast.com\/product\/yoast-seo-wordpress\/ -->\n<title>Datenschutz - Krantec F\u00f6rderger\u00e4teservice GmbH<\/title>\n<meta name=\"robots\" content=\"index, follow, max-snippet:-1, max-image-preview:large, max-video-preview:-1\" \/>\n<link rel=\"canonical\" href=\"https:\/\/krantec.de\/?page_id=3\" \/>\n<meta property=\"og:locale\" content=\"de_DE\" \/>\n<meta property=\"og:type\" content=\"article\" \/>\n<meta property=\"og:title\" content=\"Datenschutz - Krantec F\u00f6rderger\u00e4teservice GmbH\" \/>\n<meta property=\"og:description\" content=\"KRANTEC F\u00f6rderger\u00e4teservice GmbH Datenschutzhinweise Die KRANTEC F\u00f6rderger\u00e4teservice GmbH, Franz-Mehring-Stra\u00dfe 38, 01979 Lauchhammer, nimmt den Schutz der pers\u00f6nlichen Daten ihrer Kunden und Interessenten sehr ernst und...\" \/>\n<meta property=\"og:url\" content=\"https:\/\/krantec.de\/?page_id=3\" \/>\n<meta property=\"og:site_name\" content=\"Krantec F\u00f6rderger\u00e4teservice GmbH\" \/>\n<meta property=\"article:modified_time\" content=\"2022-02-12T11:55:36+00:00\" \/>\n<meta name=\"twitter:card\" content=\"summary_large_image\" \/>\n<script type=\"application\/ld+json\" class=\"yoast-schema-graph\">{\"@context\":\"https:\\\/\\\/schema.org\",\"@graph\":[{\"@type\":\"WebPage\",\"@id\":\"https:\\\/\\\/krantec.de\\\/?page_id=3\",\"url\":\"https:\\\/\\\/krantec.de\\\/?page_id=3\",\"name\":\"Datenschutz - Krantec F\u00f6rderger\u00e4teservice GmbH\",\"isPartOf\":{\"@id\":\"https:\\\/\\\/krantec.de\\\/#website\"},\"datePublished\":\"2022-02-07T10:01:31+00:00\",\"dateModified\":\"2022-02-12T11:55:36+00:00\",\"breadcrumb\":{\"@id\":\"https:\\\/\\\/krantec.de\\\/?page_id=3#breadcrumb\"},\"inLanguage\":\"de\",\"potentialAction\":[{\"@type\":\"ReadAction\",\"target\":[\"https:\\\/\\\/krantec.de\\\/?page_id=3\"]}]},{\"@type\":\"BreadcrumbList\",\"@id\":\"https:\\\/\\\/krantec.de\\\/?page_id=3#breadcrumb\",\"itemListElement\":[{\"@type\":\"ListItem\",\"position\":1,\"name\":\"Startseite\",\"item\":\"https:\\\/\\\/krantec.de\\\/\"},{\"@type\":\"ListItem\",\"position\":2,\"name\":\"Datenschutz\"}]},{\"@type\":\"WebSite\",\"@id\":\"https:\\\/\\\/krantec.de\\\/#website\",\"url\":\"https:\\\/\\\/krantec.de\\\/\",\"name\":\"Krantec F\u00f6rderger\u00e4teservice GmbH\",\"description\":\"Wir bewegen was.\",\"publisher\":{\"@id\":\"https:\\\/\\\/krantec.de\\\/#organization\"},\"potentialAction\":[{\"@type\":\"SearchAction\",\"target\":{\"@type\":\"EntryPoint\",\"urlTemplate\":\"https:\\\/\\\/krantec.de\\\/?s={search_term_string}\"},\"query-input\":{\"@type\":\"PropertyValueSpecification\",\"valueRequired\":true,\"valueName\":\"search_term_string\"}}],\"inLanguage\":\"de\"},{\"@type\":\"Organization\",\"@id\":\"https:\\\/\\\/krantec.de\\\/#organization\",\"name\":\"Krantec F\u00f6rderger\u00e4teservice GmbH\",\"url\":\"https:\\\/\\\/krantec.de\\\/\",\"logo\":{\"@type\":\"ImageObject\",\"inLanguage\":\"de\",\"@id\":\"https:\\\/\\\/krantec.de\\\/#\\\/schema\\\/logo\\\/image\\\/\",\"url\":\"https:\\\/\\\/krantec.de\\\/wp-content\\\/uploads\\\/2022\\\/02\\\/cropped-ktlogoHP.png\",\"contentUrl\":\"https:\\\/\\\/krantec.de\\\/wp-content\\\/uploads\\\/2022\\\/02\\\/cropped-ktlogoHP.png\",\"width\":479,\"height\":166,\"caption\":\"Krantec F\u00f6rderger\u00e4teservice GmbH\"},\"image\":{\"@id\":\"https:\\\/\\\/krantec.de\\\/#\\\/schema\\\/logo\\\/image\\\/\"}}]}<\/script>\n<!-- \/ Yoast SEO plugin. -->","yoast_head_json":{"title":"Datenschutz - Krantec F\u00f6rderger\u00e4teservice GmbH","robots":{"index":"index","follow":"follow","max-snippet":"max-snippet:-1","max-image-preview":"max-image-preview:large","max-video-preview":"max-video-preview:-1"},"canonical":"https:\/\/krantec.de\/?page_id=3","og_locale":"de_DE","og_type":"article","og_title":"Datenschutz - Krantec F\u00f6rderger\u00e4teservice GmbH","og_description":"KRANTEC F\u00f6rderger\u00e4teservice GmbH Datenschutzhinweise Die KRANTEC F\u00f6rderger\u00e4teservice GmbH, Franz-Mehring-Stra\u00dfe 38, 01979 Lauchhammer, nimmt den Schutz der pers\u00f6nlichen Daten ihrer Kunden und Interessenten sehr ernst und...","og_url":"https:\/\/krantec.de\/?page_id=3","og_site_name":"Krantec F\u00f6rderger\u00e4teservice GmbH","article_modified_time":"2022-02-12T11:55:36+00:00","twitter_card":"summary_large_image","schema":{"@context":"https:\/\/schema.org","@graph":[{"@type":"WebPage","@id":"https:\/\/krantec.de\/?page_id=3","url":"https:\/\/krantec.de\/?page_id=3","name":"Datenschutz - Krantec F\u00f6rderger\u00e4teservice GmbH","isPartOf":{"@id":"https:\/\/krantec.de\/#website"},"datePublished":"2022-02-07T10:01:31+00:00","dateModified":"2022-02-12T11:55:36+00:00","breadcrumb":{"@id":"https:\/\/krantec.de\/?page_id=3#breadcrumb"},"inLanguage":"de","potentialAction":[{"@type":"ReadAction","target":["https:\/\/krantec.de\/?page_id=3"]}]},{"@type":"BreadcrumbList","@id":"https:\/\/krantec.de\/?page_id=3#breadcrumb","itemListElement":[{"@type":"ListItem","position":1,"name":"Startseite","item":"https:\/\/krantec.de\/"},{"@type":"ListItem","position":2,"name":"Datenschutz"}]},{"@type":"WebSite","@id":"https:\/\/krantec.de\/#website","url":"https:\/\/krantec.de\/","name":"Krantec F\u00f6rderger\u00e4teservice GmbH","description":"Wir bewegen was.","publisher":{"@id":"https:\/\/krantec.de\/#organization"},"potentialAction":[{"@type":"SearchAction","target":{"@type":"EntryPoint","urlTemplate":"https:\/\/krantec.de\/?s={search_term_string}"},"query-input":{"@type":"PropertyValueSpecification","valueRequired":true,"valueName":"search_term_string"}}],"inLanguage":"de"},{"@type":"Organization","@id":"https:\/\/krantec.de\/#organization","name":"Krantec F\u00f6rderger\u00e4teservice GmbH","url":"https:\/\/krantec.de\/","logo":{"@type":"ImageObject","inLanguage":"de","@id":"https:\/\/krantec.de\/#\/schema\/logo\/image\/","url":"https:\/\/krantec.de\/wp-content\/uploads\/2022\/02\/cropped-ktlogoHP.png","contentUrl":"https:\/\/krantec.de\/wp-content\/uploads\/2022\/02\/cropped-ktlogoHP.png","width":479,"height":166,"caption":"Krantec F\u00f6rderger\u00e4teservice GmbH"},"image":{"@id":"https:\/\/krantec.de\/#\/schema\/logo\/image\/"}}]}},"_links":{"self":[{"href":"https:\/\/krantec.de\/index.php?rest_route=\/wp\/v2\/pages\/3","targetHints":{"allow":["GET"]}}],"collection":[{"href":"https:\/\/krantec.de\/index.php?rest_route=\/wp\/v2\/pages"}],"about":[{"href":"https:\/\/krantec.de\/index.php?rest_route=\/wp\/v2\/types\/page"}],"author":[{"embeddable":true,"href":"https:\/\/krantec.de\/index.php?rest_route=\/wp\/v2\/users\/2"}],"replies":[{"embeddable":true,"href":"https:\/\/krantec.de\/index.php?rest_route=%2Fwp%2Fv2%2Fcomments&post=3"}],"version-history":[{"count":1,"href":"https:\/\/krantec.de\/index.php?rest_route=\/wp\/v2\/pages\/3\/revisions"}],"predecessor-version":[{"id":41,"href":"https:\/\/krantec.de\/index.php?rest_route=\/wp\/v2\/pages\/3\/revisions\/41"}],"wp:attachment":[{"href":"https:\/\/krantec.de\/index.php?rest_route=%2Fwp%2Fv2%2Fmedia&parent=3"}],"curies":[{"name":"wp","href":"https:\/\/api.w.org\/{rel}","templated":true}]}}