{"id":84,"date":"2022-02-12T12:29:57","date_gmt":"2022-02-12T12:29:57","guid":{"rendered":"https:\/\/krantec.de\/?page_id=84"},"modified":"2022-02-12T12:33:15","modified_gmt":"2022-02-12T12:33:15","slug":"regalpruefung","status":"publish","type":"page","link":"https:\/\/krantec.de\/?page_id=84","title":{"rendered":"Regalpr\u00fcfung"},"content":{"rendered":"\t\t<div data-elementor-type=\"wp-page\" data-elementor-id=\"84\" class=\"elementor elementor-84\">\n\t\t\t\t\t\t<section class=\"elementor-section elementor-top-section elementor-element elementor-element-46e39b8 elementor-section-boxed elementor-section-height-default elementor-section-height-default\" data-id=\"46e39b8\" data-element_type=\"section\" data-e-type=\"section\">\n\t\t\t\t\t\t<div class=\"elementor-container elementor-column-gap-default\">\n\t\t\t\t\t<div class=\"elementor-column elementor-col-100 elementor-top-column elementor-element elementor-element-40ff8e3\" data-id=\"40ff8e3\" data-element_type=\"column\" data-e-type=\"column\">\n\t\t\t<div class=\"elementor-widget-wrap elementor-element-populated\">\n\t\t\t\t\t\t<div class=\"elementor-element elementor-element-b754141 elementor-invisible elementor-widget elementor-widget-text-editor\" data-id=\"b754141\" data-element_type=\"widget\" data-e-type=\"widget\" data-settings=\"{&quot;_animation&quot;:&quot;zoomIn&quot;}\" data-widget_type=\"text-editor.default\">\n\t\t\t\t<div class=\"elementor-widget-container\">\n\t\t\t\t\t\t\t\t\t<section class=\"elementor-section elementor-top-section elementor-element elementor-element-86c83aa elementor-section-boxed elementor-section-height-default elementor-section-height-default\" data-id=\"86c83aa\" data-element_type=\"section\"><div class=\"elementor-container elementor-column-gap-default\"><div class=\"elementor-column elementor-col-100 elementor-top-column elementor-element elementor-element-cbf51ab\" data-id=\"cbf51ab\" data-element_type=\"column\"><div class=\"elementor-widget-wrap elementor-element-populated\"><div class=\"elementor-element elementor-element-92c581f elementor-widget elementor-widget-text-editor animated fadeIn\" data-id=\"92c581f\" data-element_type=\"widget\" data-settings=\"{&quot;_animation&quot;:&quot;fadeIn&quot;}\" data-widget_type=\"text-editor.default\"><div class=\"elementor-widget-container\"><p>Die regelm\u00e4\u00dfige Regalpr\u00fcfung dient der Sicherheit der Mitarbeiter und Kunden in Lagern, betrieblichen Werkst\u00e4tten oder Verkaufsr\u00e4umen. Sie ist besonders wichtig, wenn Flurf\u00f6rderzeuge oder Automaten die Regale bedienen, da es hier ein erh\u00f6htes Risiko f\u00fcr Besch\u00e4digungen an den Regalen gibt. Welche Regale gepr\u00fcft werden m\u00fcssen, wer die Pr\u00fcfungen durchf\u00fchren darf und wie oft die Regalinspektion vorgenommen werden muss, regeln verschiedene gesetzliche Vorschriften:<\/p><ul><li><strong>Pflicht des Arbeitgebers zur Beurteilung der Arbeitsbedingungen:<\/strong> \u00a7 5 des Arbeitsschutzgesetzes (ArbSchG)<\/li><li><strong>Gef\u00e4hrdungsbeurteilung:<\/strong> Betriebssicherheitsverordnung (BetrSichV)\u00a0<\/li><li><strong>Regale aus Stahl:<\/strong> DIN EN 15635<\/li><li><strong>Ma\u00dfnahmen zur Schadensbeseitigung:<\/strong> berufsgenossenschaftliche Regel DGUV 108-007 (vormals BGR 234)<\/li><\/ul><\/div><\/div><\/div><\/div><\/div><\/section>\t\t\t\t\t\t\t\t<\/div>\n\t\t\t\t<\/div>\n\t\t\t\t\t<\/div>\n\t\t<\/div>\n\t\t\t\t\t<\/div>\n\t\t<\/section>\n\t\t\t\t<section class=\"elementor-section elementor-top-section elementor-element elementor-element-e9689f8 elementor-section-boxed elementor-section-height-default elementor-section-height-default\" data-id=\"e9689f8\" data-element_type=\"section\" data-e-type=\"section\">\n\t\t\t\t\t\t<div class=\"elementor-container elementor-column-gap-default\">\n\t\t\t\t\t<div class=\"elementor-column elementor-col-50 elementor-top-column elementor-element elementor-element-e079cad\" data-id=\"e079cad\" data-element_type=\"column\" data-e-type=\"column\">\n\t\t\t<div class=\"elementor-widget-wrap elementor-element-populated\">\n\t\t\t\t\t\t<div class=\"elementor-element elementor-element-75e8b22 elementor-widget elementor-widget-image\" data-id=\"75e8b22\" data-element_type=\"widget\" data-e-type=\"widget\" data-widget_type=\"image.default\">\n\t\t\t\t<div class=\"elementor-widget-container\">\n\t\t\t\t\t\t\t\t\t\t\t\t\t\t\t<img fetchpriority=\"high\" decoding=\"async\" width=\"640\" height=\"424\" src=\"https:\/\/krantec.de\/wp-content\/uploads\/2022\/02\/industry-3129730_1920-1024x678.jpg\" class=\"attachment-large size-large wp-image-86\" alt=\"\" srcset=\"https:\/\/krantec.de\/wp-content\/uploads\/2022\/02\/industry-3129730_1920-1024x678.jpg 1024w, https:\/\/krantec.de\/wp-content\/uploads\/2022\/02\/industry-3129730_1920-300x200.jpg 300w, https:\/\/krantec.de\/wp-content\/uploads\/2022\/02\/industry-3129730_1920-768x508.jpg 768w, https:\/\/krantec.de\/wp-content\/uploads\/2022\/02\/industry-3129730_1920-1536x1017.jpg 1536w, https:\/\/krantec.de\/wp-content\/uploads\/2022\/02\/industry-3129730_1920.jpg 1920w\" sizes=\"(max-width: 640px) 100vw, 640px\" \/>\t\t\t\t\t\t\t\t\t\t\t\t\t\t\t<\/div>\n\t\t\t\t<\/div>\n\t\t\t\t\t<\/div>\n\t\t<\/div>\n\t\t\t\t<div class=\"elementor-column elementor-col-50 elementor-top-column elementor-element elementor-element-37f7a73\" data-id=\"37f7a73\" data-element_type=\"column\" data-e-type=\"column\">\n\t\t\t<div class=\"elementor-widget-wrap elementor-element-populated\">\n\t\t\t\t\t\t<div class=\"elementor-element elementor-element-5f73897 elementor-widget elementor-widget-image\" data-id=\"5f73897\" data-element_type=\"widget\" data-e-type=\"widget\" data-widget_type=\"image.default\">\n\t\t\t\t<div class=\"elementor-widget-container\">\n\t\t\t\t\t\t\t\t\t\t\t\t\t\t\t<img decoding=\"async\" width=\"640\" height=\"366\" src=\"https:\/\/krantec.de\/wp-content\/uploads\/2022\/02\/warehouse-3816197_1920-1024x586.jpg\" class=\"attachment-large size-large wp-image-87\" alt=\"\" srcset=\"https:\/\/krantec.de\/wp-content\/uploads\/2022\/02\/warehouse-3816197_1920-1024x586.jpg 1024w, https:\/\/krantec.de\/wp-content\/uploads\/2022\/02\/warehouse-3816197_1920-300x172.jpg 300w, https:\/\/krantec.de\/wp-content\/uploads\/2022\/02\/warehouse-3816197_1920-768x440.jpg 768w, https:\/\/krantec.de\/wp-content\/uploads\/2022\/02\/warehouse-3816197_1920-1536x879.jpg 1536w, https:\/\/krantec.de\/wp-content\/uploads\/2022\/02\/warehouse-3816197_1920.jpg 1920w\" sizes=\"(max-width: 640px) 100vw, 640px\" \/>\t\t\t\t\t\t\t\t\t\t\t\t\t\t\t<\/div>\n\t\t\t\t<\/div>\n\t\t\t\t\t<\/div>\n\t\t<\/div>\n\t\t\t\t\t<\/div>\n\t\t<\/section>\n\t\t\t\t<\/div>\n\t\t","protected":false},"excerpt":{"rendered":"<p>Die regelm\u00e4\u00dfige Regalpr\u00fcfung dient der Sicherheit der Mitarbeiter und Kunden in Lagern, betrieblichen Werkst\u00e4tten oder Verkaufsr\u00e4umen. Sie ist besonders wichtig, wenn Flurf\u00f6rderzeuge oder Automaten die&#8230;<\/p>\n","protected":false},"author":2,"featured_media":0,"parent":0,"menu_order":0,"comment_status":"closed","ping_status":"closed","template":"","meta":{"_crdt_document":"","footnotes":""},"class_list":["post-84","page","type-page","status-publish","hentry"],"yoast_head":"<!-- This site is optimized with the Yoast SEO plugin v27.3 - https:\/\/yoast.com\/product\/yoast-seo-wordpress\/ -->\n<title>Regalpr\u00fcfung - Krantec F\u00f6rderger\u00e4teservice GmbH<\/title>\n<meta name=\"robots\" content=\"index, follow, max-snippet:-1, max-image-preview:large, max-video-preview:-1\" \/>\n<link rel=\"canonical\" href=\"https:\/\/krantec.de\/?page_id=84\" \/>\n<meta property=\"og:locale\" content=\"de_DE\" \/>\n<meta property=\"og:type\" content=\"article\" \/>\n<meta property=\"og:title\" content=\"Regalpr\u00fcfung - Krantec F\u00f6rderger\u00e4teservice GmbH\" \/>\n<meta property=\"og:description\" content=\"Die regelm\u00e4\u00dfige Regalpr\u00fcfung dient der Sicherheit der Mitarbeiter und Kunden in Lagern, betrieblichen Werkst\u00e4tten oder Verkaufsr\u00e4umen. Sie ist besonders wichtig, wenn Flurf\u00f6rderzeuge oder Automaten die...\" \/>\n<meta property=\"og:url\" content=\"https:\/\/krantec.de\/?page_id=84\" \/>\n<meta property=\"og:site_name\" content=\"Krantec F\u00f6rderger\u00e4teservice GmbH\" \/>\n<meta property=\"article:modified_time\" content=\"2022-02-12T12:33:15+00:00\" \/>\n<meta property=\"og:image\" content=\"https:\/\/krantec.de\/wp-content\/uploads\/2022\/02\/industry-3129730_1920-1024x678.jpg\" \/>\n<meta name=\"twitter:card\" content=\"summary_large_image\" \/>\n<script type=\"application\/ld+json\" class=\"yoast-schema-graph\">{\"@context\":\"https:\\\/\\\/schema.org\",\"@graph\":[{\"@type\":\"WebPage\",\"@id\":\"https:\\\/\\\/krantec.de\\\/?page_id=84\",\"url\":\"https:\\\/\\\/krantec.de\\\/?page_id=84\",\"name\":\"Regalpr\u00fcfung - Krantec F\u00f6rderger\u00e4teservice GmbH\",\"isPartOf\":{\"@id\":\"https:\\\/\\\/krantec.de\\\/#website\"},\"primaryImageOfPage\":{\"@id\":\"https:\\\/\\\/krantec.de\\\/?page_id=84#primaryimage\"},\"image\":{\"@id\":\"https:\\\/\\\/krantec.de\\\/?page_id=84#primaryimage\"},\"thumbnailUrl\":\"https:\\\/\\\/krantec.de\\\/wp-content\\\/uploads\\\/2022\\\/02\\\/industry-3129730_1920-1024x678.jpg\",\"datePublished\":\"2022-02-12T12:29:57+00:00\",\"dateModified\":\"2022-02-12T12:33:15+00:00\",\"breadcrumb\":{\"@id\":\"https:\\\/\\\/krantec.de\\\/?page_id=84#breadcrumb\"},\"inLanguage\":\"de\",\"potentialAction\":[{\"@type\":\"ReadAction\",\"target\":[\"https:\\\/\\\/krantec.de\\\/?page_id=84\"]}]},{\"@type\":\"ImageObject\",\"inLanguage\":\"de\",\"@id\":\"https:\\\/\\\/krantec.de\\\/?page_id=84#primaryimage\",\"url\":\"https:\\\/\\\/krantec.de\\\/wp-content\\\/uploads\\\/2022\\\/02\\\/industry-3129730_1920.jpg\",\"contentUrl\":\"https:\\\/\\\/krantec.de\\\/wp-content\\\/uploads\\\/2022\\\/02\\\/industry-3129730_1920.jpg\",\"width\":1920,\"height\":1271},{\"@type\":\"BreadcrumbList\",\"@id\":\"https:\\\/\\\/krantec.de\\\/?page_id=84#breadcrumb\",\"itemListElement\":[{\"@type\":\"ListItem\",\"position\":1,\"name\":\"Startseite\",\"item\":\"https:\\\/\\\/krantec.de\\\/\"},{\"@type\":\"ListItem\",\"position\":2,\"name\":\"Regalpr\u00fcfung\"}]},{\"@type\":\"WebSite\",\"@id\":\"https:\\\/\\\/krantec.de\\\/#website\",\"url\":\"https:\\\/\\\/krantec.de\\\/\",\"name\":\"Krantec F\u00f6rderger\u00e4teservice GmbH\",\"description\":\"Wir bewegen was.\",\"publisher\":{\"@id\":\"https:\\\/\\\/krantec.de\\\/#organization\"},\"potentialAction\":[{\"@type\":\"SearchAction\",\"target\":{\"@type\":\"EntryPoint\",\"urlTemplate\":\"https:\\\/\\\/krantec.de\\\/?s={search_term_string}\"},\"query-input\":{\"@type\":\"PropertyValueSpecification\",\"valueRequired\":true,\"valueName\":\"search_term_string\"}}],\"inLanguage\":\"de\"},{\"@type\":\"Organization\",\"@id\":\"https:\\\/\\\/krantec.de\\\/#organization\",\"name\":\"Krantec F\u00f6rderger\u00e4teservice GmbH\",\"url\":\"https:\\\/\\\/krantec.de\\\/\",\"logo\":{\"@type\":\"ImageObject\",\"inLanguage\":\"de\",\"@id\":\"https:\\\/\\\/krantec.de\\\/#\\\/schema\\\/logo\\\/image\\\/\",\"url\":\"https:\\\/\\\/krantec.de\\\/wp-content\\\/uploads\\\/2022\\\/02\\\/cropped-ktlogoHP.png\",\"contentUrl\":\"https:\\\/\\\/krantec.de\\\/wp-content\\\/uploads\\\/2022\\\/02\\\/cropped-ktlogoHP.png\",\"width\":479,\"height\":166,\"caption\":\"Krantec F\u00f6rderger\u00e4teservice GmbH\"},\"image\":{\"@id\":\"https:\\\/\\\/krantec.de\\\/#\\\/schema\\\/logo\\\/image\\\/\"}}]}<\/script>\n<!-- \/ Yoast SEO plugin. -->","yoast_head_json":{"title":"Regalpr\u00fcfung - Krantec F\u00f6rderger\u00e4teservice GmbH","robots":{"index":"index","follow":"follow","max-snippet":"max-snippet:-1","max-image-preview":"max-image-preview:large","max-video-preview":"max-video-preview:-1"},"canonical":"https:\/\/krantec.de\/?page_id=84","og_locale":"de_DE","og_type":"article","og_title":"Regalpr\u00fcfung - Krantec F\u00f6rderger\u00e4teservice GmbH","og_description":"Die regelm\u00e4\u00dfige Regalpr\u00fcfung dient der Sicherheit der Mitarbeiter und Kunden in Lagern, betrieblichen Werkst\u00e4tten oder Verkaufsr\u00e4umen. Sie ist besonders wichtig, wenn Flurf\u00f6rderzeuge oder Automaten die...","og_url":"https:\/\/krantec.de\/?page_id=84","og_site_name":"Krantec F\u00f6rderger\u00e4teservice GmbH","article_modified_time":"2022-02-12T12:33:15+00:00","og_image":[{"url":"https:\/\/krantec.de\/wp-content\/uploads\/2022\/02\/industry-3129730_1920-1024x678.jpg","type":"","width":"","height":""}],"twitter_card":"summary_large_image","schema":{"@context":"https:\/\/schema.org","@graph":[{"@type":"WebPage","@id":"https:\/\/krantec.de\/?page_id=84","url":"https:\/\/krantec.de\/?page_id=84","name":"Regalpr\u00fcfung - Krantec F\u00f6rderger\u00e4teservice GmbH","isPartOf":{"@id":"https:\/\/krantec.de\/#website"},"primaryImageOfPage":{"@id":"https:\/\/krantec.de\/?page_id=84#primaryimage"},"image":{"@id":"https:\/\/krantec.de\/?page_id=84#primaryimage"},"thumbnailUrl":"https:\/\/krantec.de\/wp-content\/uploads\/2022\/02\/industry-3129730_1920-1024x678.jpg","datePublished":"2022-02-12T12:29:57+00:00","dateModified":"2022-02-12T12:33:15+00:00","breadcrumb":{"@id":"https:\/\/krantec.de\/?page_id=84#breadcrumb"},"inLanguage":"de","potentialAction":[{"@type":"ReadAction","target":["https:\/\/krantec.de\/?page_id=84"]}]},{"@type":"ImageObject","inLanguage":"de","@id":"https:\/\/krantec.de\/?page_id=84#primaryimage","url":"https:\/\/krantec.de\/wp-content\/uploads\/2022\/02\/industry-3129730_1920.jpg","contentUrl":"https:\/\/krantec.de\/wp-content\/uploads\/2022\/02\/industry-3129730_1920.jpg","width":1920,"height":1271},{"@type":"BreadcrumbList","@id":"https:\/\/krantec.de\/?page_id=84#breadcrumb","itemListElement":[{"@type":"ListItem","position":1,"name":"Startseite","item":"https:\/\/krantec.de\/"},{"@type":"ListItem","position":2,"name":"Regalpr\u00fcfung"}]},{"@type":"WebSite","@id":"https:\/\/krantec.de\/#website","url":"https:\/\/krantec.de\/","name":"Krantec F\u00f6rderger\u00e4teservice GmbH","description":"Wir bewegen was.","publisher":{"@id":"https:\/\/krantec.de\/#organization"},"potentialAction":[{"@type":"SearchAction","target":{"@type":"EntryPoint","urlTemplate":"https:\/\/krantec.de\/?s={search_term_string}"},"query-input":{"@type":"PropertyValueSpecification","valueRequired":true,"valueName":"search_term_string"}}],"inLanguage":"de"},{"@type":"Organization","@id":"https:\/\/krantec.de\/#organization","name":"Krantec F\u00f6rderger\u00e4teservice GmbH","url":"https:\/\/krantec.de\/","logo":{"@type":"ImageObject","inLanguage":"de","@id":"https:\/\/krantec.de\/#\/schema\/logo\/image\/","url":"https:\/\/krantec.de\/wp-content\/uploads\/2022\/02\/cropped-ktlogoHP.png","contentUrl":"https:\/\/krantec.de\/wp-content\/uploads\/2022\/02\/cropped-ktlogoHP.png","width":479,"height":166,"caption":"Krantec F\u00f6rderger\u00e4teservice GmbH"},"image":{"@id":"https:\/\/krantec.de\/#\/schema\/logo\/image\/"}}]}},"_links":{"self":[{"href":"https:\/\/krantec.de\/index.php?rest_route=\/wp\/v2\/pages\/84","targetHints":{"allow":["GET"]}}],"collection":[{"href":"https:\/\/krantec.de\/index.php?rest_route=\/wp\/v2\/pages"}],"about":[{"href":"https:\/\/krantec.de\/index.php?rest_route=\/wp\/v2\/types\/page"}],"author":[{"embeddable":true,"href":"https:\/\/krantec.de\/index.php?rest_route=\/wp\/v2\/users\/2"}],"replies":[{"embeddable":true,"href":"https:\/\/krantec.de\/index.php?rest_route=%2Fwp%2Fv2%2Fcomments&post=84"}],"version-history":[{"count":4,"href":"https:\/\/krantec.de\/index.php?rest_route=\/wp\/v2\/pages\/84\/revisions"}],"predecessor-version":[{"id":90,"href":"https:\/\/krantec.de\/index.php?rest_route=\/wp\/v2\/pages\/84\/revisions\/90"}],"wp:attachment":[{"href":"https:\/\/krantec.de\/index.php?rest_route=%2Fwp%2Fv2%2Fmedia&parent=84"}],"curies":[{"name":"wp","href":"https:\/\/api.w.org\/{rel}","templated":true}]}}