{"id":91,"date":"2022-02-12T12:34:15","date_gmt":"2022-02-12T12:34:15","guid":{"rendered":"https:\/\/krantec.de\/?page_id=91"},"modified":"2022-02-12T12:35:56","modified_gmt":"2022-02-12T12:35:56","slug":"leiternpruefung","status":"publish","type":"page","link":"https:\/\/krantec.de\/?page_id=91","title":{"rendered":"Leiternpr\u00fcfung"},"content":{"rendered":"\t\t<div data-elementor-type=\"wp-page\" data-elementor-id=\"91\" class=\"elementor elementor-91\">\n\t\t\t\t\t\t<section class=\"elementor-section elementor-top-section elementor-element elementor-element-0b080dd elementor-section-boxed elementor-section-height-default elementor-section-height-default\" data-id=\"0b080dd\" data-element_type=\"section\" data-e-type=\"section\">\n\t\t\t\t\t\t<div class=\"elementor-container elementor-column-gap-default\">\n\t\t\t\t\t<div class=\"elementor-column elementor-col-50 elementor-top-column elementor-element elementor-element-19b553c\" data-id=\"19b553c\" data-element_type=\"column\" data-e-type=\"column\">\n\t\t\t<div class=\"elementor-widget-wrap elementor-element-populated\">\n\t\t\t\t\t\t<div class=\"elementor-element elementor-element-9fec35e elementor-invisible elementor-widget elementor-widget-text-editor\" data-id=\"9fec35e\" data-element_type=\"widget\" data-e-type=\"widget\" data-settings=\"{&quot;_animation&quot;:&quot;zoomIn&quot;}\" data-widget_type=\"text-editor.default\">\n\t\t\t\t<div class=\"elementor-widget-container\">\n\t\t\t\t\t\t\t\t\t<p>Leitern, Tritte und Co., die zum Beispiel von Besch\u00e4ftigten oder Besuchern an der Arbeitsst\u00e4tte oder an \u00f6ffentlichen Orten genutzt werden, sind Arbeitsmittel, die im Sinne der BetrSichV vom Arbeitgeber bereitgestellt werden. Zum einen m\u00fcssen Leitern, Tritte und Co. nat\u00fcrlich dahingehend davor gesichert werden, dass sie nicht von Unbefugten genutzt oder auch betreten werden. Zum anderen m\u00fcssen sie auch einer regelm\u00e4\u00dfigen Leiterpr\u00fcfung unterzogen werden.<\/p>\t\t\t\t\t\t\t\t<\/div>\n\t\t\t\t<\/div>\n\t\t\t\t\t<\/div>\n\t\t<\/div>\n\t\t\t\t<div class=\"elementor-column elementor-col-50 elementor-top-column elementor-element elementor-element-3c6ae3a\" data-id=\"3c6ae3a\" data-element_type=\"column\" data-e-type=\"column\">\n\t\t\t<div class=\"elementor-widget-wrap elementor-element-populated\">\n\t\t\t\t\t\t<div class=\"elementor-element elementor-element-444aada elementor-widget elementor-widget-image\" data-id=\"444aada\" data-element_type=\"widget\" data-e-type=\"widget\" data-widget_type=\"image.default\">\n\t\t\t\t<div class=\"elementor-widget-container\">\n\t\t\t\t\t\t\t\t\t\t\t\t\t\t\t<img fetchpriority=\"high\" decoding=\"async\" width=\"640\" height=\"403\" src=\"https:\/\/krantec.de\/wp-content\/uploads\/2022\/02\/aeroplane-1839460_1920-1024x644.jpg\" class=\"attachment-large size-large wp-image-93\" alt=\"\" srcset=\"https:\/\/krantec.de\/wp-content\/uploads\/2022\/02\/aeroplane-1839460_1920-1024x644.jpg 1024w, https:\/\/krantec.de\/wp-content\/uploads\/2022\/02\/aeroplane-1839460_1920-300x189.jpg 300w, https:\/\/krantec.de\/wp-content\/uploads\/2022\/02\/aeroplane-1839460_1920-768x483.jpg 768w, https:\/\/krantec.de\/wp-content\/uploads\/2022\/02\/aeroplane-1839460_1920-1536x966.jpg 1536w, https:\/\/krantec.de\/wp-content\/uploads\/2022\/02\/aeroplane-1839460_1920.jpg 1920w\" sizes=\"(max-width: 640px) 100vw, 640px\" \/>\t\t\t\t\t\t\t\t\t\t\t\t\t\t\t<\/div>\n\t\t\t\t<\/div>\n\t\t\t\t\t<\/div>\n\t\t<\/div>\n\t\t\t\t\t<\/div>\n\t\t<\/section>\n\t\t\t\t<\/div>\n\t\t","protected":false},"excerpt":{"rendered":"<p>Leitern, Tritte und Co., die zum Beispiel von Besch\u00e4ftigten oder Besuchern an der Arbeitsst\u00e4tte oder an \u00f6ffentlichen Orten genutzt werden, sind Arbeitsmittel, die im Sinne&#8230;<\/p>\n","protected":false},"author":2,"featured_media":0,"parent":0,"menu_order":0,"comment_status":"closed","ping_status":"closed","template":"","meta":{"_crdt_document":"","footnotes":""},"class_list":["post-91","page","type-page","status-publish","hentry"],"yoast_head":"<!-- This site is optimized with the Yoast SEO plugin v27.3 - https:\/\/yoast.com\/product\/yoast-seo-wordpress\/ -->\n<title>Leiternpr\u00fcfung - Krantec F\u00f6rderger\u00e4teservice GmbH<\/title>\n<meta name=\"robots\" content=\"index, follow, max-snippet:-1, max-image-preview:large, max-video-preview:-1\" \/>\n<link rel=\"canonical\" href=\"https:\/\/krantec.de\/?page_id=91\" \/>\n<meta property=\"og:locale\" content=\"de_DE\" \/>\n<meta property=\"og:type\" content=\"article\" \/>\n<meta property=\"og:title\" content=\"Leiternpr\u00fcfung - Krantec F\u00f6rderger\u00e4teservice GmbH\" \/>\n<meta property=\"og:description\" content=\"Leitern, Tritte und Co., die zum Beispiel von Besch\u00e4ftigten oder Besuchern an der Arbeitsst\u00e4tte oder an \u00f6ffentlichen Orten genutzt werden, sind Arbeitsmittel, die im Sinne...\" \/>\n<meta property=\"og:url\" content=\"https:\/\/krantec.de\/?page_id=91\" \/>\n<meta property=\"og:site_name\" content=\"Krantec F\u00f6rderger\u00e4teservice GmbH\" \/>\n<meta property=\"article:modified_time\" content=\"2022-02-12T12:35:56+00:00\" \/>\n<meta property=\"og:image\" content=\"https:\/\/krantec.de\/wp-content\/uploads\/2022\/02\/aeroplane-1839460_1920-1024x644.jpg\" \/>\n<meta name=\"twitter:card\" content=\"summary_large_image\" \/>\n<script type=\"application\/ld+json\" class=\"yoast-schema-graph\">{\"@context\":\"https:\\\/\\\/schema.org\",\"@graph\":[{\"@type\":\"WebPage\",\"@id\":\"https:\\\/\\\/krantec.de\\\/?page_id=91\",\"url\":\"https:\\\/\\\/krantec.de\\\/?page_id=91\",\"name\":\"Leiternpr\u00fcfung - Krantec F\u00f6rderger\u00e4teservice GmbH\",\"isPartOf\":{\"@id\":\"https:\\\/\\\/krantec.de\\\/#website\"},\"primaryImageOfPage\":{\"@id\":\"https:\\\/\\\/krantec.de\\\/?page_id=91#primaryimage\"},\"image\":{\"@id\":\"https:\\\/\\\/krantec.de\\\/?page_id=91#primaryimage\"},\"thumbnailUrl\":\"https:\\\/\\\/krantec.de\\\/wp-content\\\/uploads\\\/2022\\\/02\\\/aeroplane-1839460_1920-1024x644.jpg\",\"datePublished\":\"2022-02-12T12:34:15+00:00\",\"dateModified\":\"2022-02-12T12:35:56+00:00\",\"breadcrumb\":{\"@id\":\"https:\\\/\\\/krantec.de\\\/?page_id=91#breadcrumb\"},\"inLanguage\":\"de\",\"potentialAction\":[{\"@type\":\"ReadAction\",\"target\":[\"https:\\\/\\\/krantec.de\\\/?page_id=91\"]}]},{\"@type\":\"ImageObject\",\"inLanguage\":\"de\",\"@id\":\"https:\\\/\\\/krantec.de\\\/?page_id=91#primaryimage\",\"url\":\"https:\\\/\\\/krantec.de\\\/wp-content\\\/uploads\\\/2022\\\/02\\\/aeroplane-1839460_1920.jpg\",\"contentUrl\":\"https:\\\/\\\/krantec.de\\\/wp-content\\\/uploads\\\/2022\\\/02\\\/aeroplane-1839460_1920.jpg\",\"width\":1920,\"height\":1207},{\"@type\":\"BreadcrumbList\",\"@id\":\"https:\\\/\\\/krantec.de\\\/?page_id=91#breadcrumb\",\"itemListElement\":[{\"@type\":\"ListItem\",\"position\":1,\"name\":\"Startseite\",\"item\":\"https:\\\/\\\/krantec.de\\\/\"},{\"@type\":\"ListItem\",\"position\":2,\"name\":\"Leiternpr\u00fcfung\"}]},{\"@type\":\"WebSite\",\"@id\":\"https:\\\/\\\/krantec.de\\\/#website\",\"url\":\"https:\\\/\\\/krantec.de\\\/\",\"name\":\"Krantec F\u00f6rderger\u00e4teservice GmbH\",\"description\":\"Wir bewegen was.\",\"publisher\":{\"@id\":\"https:\\\/\\\/krantec.de\\\/#organization\"},\"potentialAction\":[{\"@type\":\"SearchAction\",\"target\":{\"@type\":\"EntryPoint\",\"urlTemplate\":\"https:\\\/\\\/krantec.de\\\/?s={search_term_string}\"},\"query-input\":{\"@type\":\"PropertyValueSpecification\",\"valueRequired\":true,\"valueName\":\"search_term_string\"}}],\"inLanguage\":\"de\"},{\"@type\":\"Organization\",\"@id\":\"https:\\\/\\\/krantec.de\\\/#organization\",\"name\":\"Krantec F\u00f6rderger\u00e4teservice GmbH\",\"url\":\"https:\\\/\\\/krantec.de\\\/\",\"logo\":{\"@type\":\"ImageObject\",\"inLanguage\":\"de\",\"@id\":\"https:\\\/\\\/krantec.de\\\/#\\\/schema\\\/logo\\\/image\\\/\",\"url\":\"https:\\\/\\\/krantec.de\\\/wp-content\\\/uploads\\\/2022\\\/02\\\/cropped-ktlogoHP.png\",\"contentUrl\":\"https:\\\/\\\/krantec.de\\\/wp-content\\\/uploads\\\/2022\\\/02\\\/cropped-ktlogoHP.png\",\"width\":479,\"height\":166,\"caption\":\"Krantec F\u00f6rderger\u00e4teservice GmbH\"},\"image\":{\"@id\":\"https:\\\/\\\/krantec.de\\\/#\\\/schema\\\/logo\\\/image\\\/\"}}]}<\/script>\n<!-- \/ Yoast SEO plugin. -->","yoast_head_json":{"title":"Leiternpr\u00fcfung - Krantec F\u00f6rderger\u00e4teservice GmbH","robots":{"index":"index","follow":"follow","max-snippet":"max-snippet:-1","max-image-preview":"max-image-preview:large","max-video-preview":"max-video-preview:-1"},"canonical":"https:\/\/krantec.de\/?page_id=91","og_locale":"de_DE","og_type":"article","og_title":"Leiternpr\u00fcfung - Krantec F\u00f6rderger\u00e4teservice GmbH","og_description":"Leitern, Tritte und Co., die zum Beispiel von Besch\u00e4ftigten oder Besuchern an der Arbeitsst\u00e4tte oder an \u00f6ffentlichen Orten genutzt werden, sind Arbeitsmittel, die im Sinne...","og_url":"https:\/\/krantec.de\/?page_id=91","og_site_name":"Krantec F\u00f6rderger\u00e4teservice GmbH","article_modified_time":"2022-02-12T12:35:56+00:00","og_image":[{"url":"https:\/\/krantec.de\/wp-content\/uploads\/2022\/02\/aeroplane-1839460_1920-1024x644.jpg","type":"","width":"","height":""}],"twitter_card":"summary_large_image","schema":{"@context":"https:\/\/schema.org","@graph":[{"@type":"WebPage","@id":"https:\/\/krantec.de\/?page_id=91","url":"https:\/\/krantec.de\/?page_id=91","name":"Leiternpr\u00fcfung - Krantec F\u00f6rderger\u00e4teservice GmbH","isPartOf":{"@id":"https:\/\/krantec.de\/#website"},"primaryImageOfPage":{"@id":"https:\/\/krantec.de\/?page_id=91#primaryimage"},"image":{"@id":"https:\/\/krantec.de\/?page_id=91#primaryimage"},"thumbnailUrl":"https:\/\/krantec.de\/wp-content\/uploads\/2022\/02\/aeroplane-1839460_1920-1024x644.jpg","datePublished":"2022-02-12T12:34:15+00:00","dateModified":"2022-02-12T12:35:56+00:00","breadcrumb":{"@id":"https:\/\/krantec.de\/?page_id=91#breadcrumb"},"inLanguage":"de","potentialAction":[{"@type":"ReadAction","target":["https:\/\/krantec.de\/?page_id=91"]}]},{"@type":"ImageObject","inLanguage":"de","@id":"https:\/\/krantec.de\/?page_id=91#primaryimage","url":"https:\/\/krantec.de\/wp-content\/uploads\/2022\/02\/aeroplane-1839460_1920.jpg","contentUrl":"https:\/\/krantec.de\/wp-content\/uploads\/2022\/02\/aeroplane-1839460_1920.jpg","width":1920,"height":1207},{"@type":"BreadcrumbList","@id":"https:\/\/krantec.de\/?page_id=91#breadcrumb","itemListElement":[{"@type":"ListItem","position":1,"name":"Startseite","item":"https:\/\/krantec.de\/"},{"@type":"ListItem","position":2,"name":"Leiternpr\u00fcfung"}]},{"@type":"WebSite","@id":"https:\/\/krantec.de\/#website","url":"https:\/\/krantec.de\/","name":"Krantec F\u00f6rderger\u00e4teservice GmbH","description":"Wir bewegen was.","publisher":{"@id":"https:\/\/krantec.de\/#organization"},"potentialAction":[{"@type":"SearchAction","target":{"@type":"EntryPoint","urlTemplate":"https:\/\/krantec.de\/?s={search_term_string}"},"query-input":{"@type":"PropertyValueSpecification","valueRequired":true,"valueName":"search_term_string"}}],"inLanguage":"de"},{"@type":"Organization","@id":"https:\/\/krantec.de\/#organization","name":"Krantec F\u00f6rderger\u00e4teservice GmbH","url":"https:\/\/krantec.de\/","logo":{"@type":"ImageObject","inLanguage":"de","@id":"https:\/\/krantec.de\/#\/schema\/logo\/image\/","url":"https:\/\/krantec.de\/wp-content\/uploads\/2022\/02\/cropped-ktlogoHP.png","contentUrl":"https:\/\/krantec.de\/wp-content\/uploads\/2022\/02\/cropped-ktlogoHP.png","width":479,"height":166,"caption":"Krantec F\u00f6rderger\u00e4teservice GmbH"},"image":{"@id":"https:\/\/krantec.de\/#\/schema\/logo\/image\/"}}]}},"_links":{"self":[{"href":"https:\/\/krantec.de\/index.php?rest_route=\/wp\/v2\/pages\/91","targetHints":{"allow":["GET"]}}],"collection":[{"href":"https:\/\/krantec.de\/index.php?rest_route=\/wp\/v2\/pages"}],"about":[{"href":"https:\/\/krantec.de\/index.php?rest_route=\/wp\/v2\/types\/page"}],"author":[{"embeddable":true,"href":"https:\/\/krantec.de\/index.php?rest_route=\/wp\/v2\/users\/2"}],"replies":[{"embeddable":true,"href":"https:\/\/krantec.de\/index.php?rest_route=%2Fwp%2Fv2%2Fcomments&post=91"}],"version-history":[{"count":4,"href":"https:\/\/krantec.de\/index.php?rest_route=\/wp\/v2\/pages\/91\/revisions"}],"predecessor-version":[{"id":96,"href":"https:\/\/krantec.de\/index.php?rest_route=\/wp\/v2\/pages\/91\/revisions\/96"}],"wp:attachment":[{"href":"https:\/\/krantec.de\/index.php?rest_route=%2Fwp%2Fv2%2Fmedia&parent=91"}],"curies":[{"name":"wp","href":"https:\/\/api.w.org\/{rel}","templated":true}]}}